{"id":109569,"date":"2024-05-02T18:08:20","date_gmt":"2024-05-02T15:08:20","guid":{"rendered":"https:\/\/help.freeplanetvpn.com\/change-ip\/"},"modified":"2026-02-12T17:37:16","modified_gmt":"2026-02-12T14:37:16","slug":"change-ip","status":"publish","type":"page","link":"https:\/\/freevpnplanet.com\/tr\/change-ip\/","title":{"rendered":"Change IP"},"content":{"rendered":"\n<section class=\"image-text-static-image custom-block align-none  mobile-image-bottom   header-size-small text-size-small  \" style='--background-color:var(--dark-blue-0); --text-color:var(--white)'>\n\n    <div class=\"gutenberg-block-background\"><\/div>\n    <div class=\"image-text-static-image__inner inner-container\">\n                    <div class=\"image-text-static-image__content content-left\" style='--content-width: 51%'>\n                                    <div class=\"image-text-static-image__title\">\n                        <h1 >Planet VPN ile IP Adresi Nas\u0131l De\u011fi\u015ftirilir ve Gizlenir<\/h1>                    <\/div>\n                \n                <p>Planet VPN kullan\u0131n, VPN teknolojisi sayesinde IP adresiniz g\u00fcvenli bir \u015fekilde gizlenecek ve ba\u011fland\u0131\u011f\u0131n\u0131zda harici hizmetler se\u00e7ti\u011finiz \u00fclkenin adresini g\u00f6recek!<\/p>\n                                    <div class=\"image-text-static-image__cta\">\n                                                    <a href=\"\/tr\/plans\/\" target=\"_self\" id=\"qa-hero-btn-cta\" class=\"cta download-by-platform cta--with-border cta-size--small cta-mt--initial icon-position--icon-left\" style=\"--border-radius:40px\"><span class=\"cta__name\">\u00dccretsiz \u0130ndirin<\/span><\/a>                                            <\/div>\n                \n                \n\n            <\/div>\n        \n                    <div class=\"bg-image-wrapper bg-image-wrapper--desktop  right image-align--center\" style='--image-max-width: 49%'>\n                <figure>\n                    <img width=\"729\" height=\"581\" src=\"https:\/\/freevpnplanet.com\/wp-content\/uploads\/2024\/05\/rvpn-rvpn-3fa20f81-20240409-160252-504726-20240507_185215_511732.svg\" class=\"attachment-full size-full\" alt=\"\" loading=\"lazy\" decoding=\"sync\" fetchpriority=\"low\" style=\"max-width:700px\" sizes=\"auto, (max-width: 700px) 100vw, 700px\" aria-hidden=\"true\" \/>                    <!-- <img decoding=\"async\" width=\"729\" height=\"581\" src=\"https:\/\/freevpnplanet.com\/wp-content\/uploads\/2024\/05\/rvpn-rvpn-3fa20f81-20240409-160252-504726-20240507_185215_511732.svg\" class=\"attachment-full size-full\" alt=\"\" style=\"max-width:700px\" \/> -->\n                <\/figure>\n            <\/div>\n        \n            <\/div>\n<\/section>\n\n\n<section class=\"image-text-static-image custom-block align-none  mobile-image-bottom   header-size-small text-size-small  \" style=''>\n\n    <div class=\"gutenberg-block-background\"><\/div>\n    <div class=\"image-text-static-image__inner inner-container\">\n                    <div class=\"image-text-static-image__content content-right\" style='--content-width: 45%'>\n                                    <div class=\"image-text-static-image__title\">\n                        <h2 >IP ADRES\u0130M\u0130 NEDEN DE\u011e\u0130\u015eT\u0130RMEL\u0130 VEYA G\u0130ZLEMEL\u0130Y\u0130M?<\/h2>                    <\/div>\n                \n                <p>IP adresiniz sizin hakk\u0131n\u0131zda \u00e7ok \u015fey s\u00f6yleyebilir. IP adresiniz sayesinde konumunuzu, ad\u0131n\u0131z\u0131 ve \u0130nternet sa\u011flay\u0131c\u0131n\u0131z\u0131n ad\u0131n\u0131 \u00f6\u011frenebilirsiniz. Siber su\u00e7lular IP&#8217;nizi bildiklerinde, cihaz\u0131n\u0131za sald\u0131rabilir, hacklemeye \u00e7al\u0131\u015fabilir veya cihaz\u0131n bilgi iletmesini veya almas\u0131n\u0131 engellemek i\u00e7in \u00f6zel y\u00f6ntemler kullanabilirler. IP ile fiziksel olarak nerede oldu\u011funuzu da yeterli do\u011frulukta \u00f6\u011frenebilirsiniz, bu da olduk\u00e7a fazla soruna neden olabilir. IP adresinizi gizlemezseniz, ki\u015fisel verileriniz, konumunuzla ilgili bilgiler ve \u00e7evrimi\u00e7i etkinli\u011finiz de dahil olmak \u00fczere b\u00fcy\u00fck miktarda bilgiye eri\u015fim sa\u011flayarak \u00fc\u00e7\u00fcnc\u00fc taraflar\u0131n \u00e7evrimi\u00e7i etkinliklerinizi izlemesine ve kontrol etmesine olanak tan\u0131r.<\/p>\n                \n                \n\n            <\/div>\n        \n                    <div class=\"bg-image-wrapper bg-image-wrapper--desktop  left image-align--center\" style='--image-max-width: 55%'>\n                <figure>\n                    <img width=\"483\" height=\"493\" src=\"https:\/\/freevpnplanet.com\/wp-content\/uploads\/2024\/05\/rvpn-rvpn-db2904e1-20240409-162209-702854-20240507_185223_606342.svg\" class=\"attachment-full size-full\" alt=\"\" loading=\"lazy\" decoding=\"sync\" fetchpriority=\"low\" style=\"max-width:483px\" sizes=\"auto, (max-width: 483px) 100vw, 483px\" aria-hidden=\"true\" \/>                    <!-- <img decoding=\"async\" width=\"483\" height=\"493\" src=\"https:\/\/freevpnplanet.com\/wp-content\/uploads\/2024\/05\/rvpn-rvpn-db2904e1-20240409-162209-702854-20240507_185223_606342.svg\" class=\"attachment-full size-full\" alt=\"\" style=\"max-width:483px\" \/> -->\n                <\/figure>\n            <\/div>\n        \n            <\/div>\n<\/section>\n\n\n<section class=\"wrapper custom-block align-full    \" style='--background-color:var(--background-blue)'>\n\n    <div class=\"gutenberg-block-background\"><\/div>\n    <div class=\"wrapper__inner inner-container\">\n        \n\n<section class=\"image-text-static-image custom-block align-none  mobile-image-bottom   header-size-small text-size-small  \" style=''>\n\n    <div class=\"gutenberg-block-background\"><\/div>\n    <div class=\"image-text-static-image__inner inner-container\">\n                    <div class=\"image-text-static-image__content content-right\" style='--content-width: 49%'>\n                                    <div class=\"image-text-static-image__title\">\n                        <h2 >IP ADRES\u0130N\u0130Z\u0130 NASIL DE\u011e\u0130\u015eT\u0130R\u0130R VEYA G\u0130ZLERS\u0130N\u0130Z?<\/h2>                    <\/div>\n                \n                <p>\u00c7ok basit, Planet VPN&#8217;i kullanarak VPN&#8217;e ba\u011flanman\u0131z yeterli. VPN, iki veya daha fazla cihaz aras\u0131nda g\u00fcvenli bir t\u00fcneldir. VPN&#8217;ler web trafi\u011fini gizli dinlemelerden, d\u0131\u015f m\u00fcdahalelerden ve sans\u00fcrden korumak i\u00e7in kullan\u0131l\u0131r. Sunucular\u0131m\u0131za ba\u011flanarak IP&#8217;nizi g\u00fcvenli bir \u015fekilde gizler ve t\u00fcm verileri \u015fifrelersiniz. IP&#8217;nizi de\u011fi\u015ftirmek ve gizlemek i\u00e7in sadece 3 ad\u0131m gereklidir:<\/p>\n                \n                \n\n            <\/div>\n        \n                    <div class=\"bg-image-wrapper bg-image-wrapper--desktop  left image-align--center\" style='--image-max-width: 51%'>\n                <figure>\n                    <img width=\"518\" height=\"479\" src=\"https:\/\/freevpnplanet.com\/wp-content\/uploads\/2024\/05\/rvpn-rvpn-79c6c873-20240409-164508-364135-20240507_185221_234590.svg\" class=\"attachment-full size-full\" alt=\"\" loading=\"lazy\" decoding=\"sync\" fetchpriority=\"low\" style=\"max-width:518px\" sizes=\"auto, (max-width: 518px) 100vw, 518px\" aria-hidden=\"true\" \/>                    <!-- <img decoding=\"async\" width=\"518\" height=\"479\" src=\"https:\/\/freevpnplanet.com\/wp-content\/uploads\/2024\/05\/rvpn-rvpn-79c6c873-20240409-164508-364135-20240507_185221_234590.svg\" class=\"attachment-full size-full\" alt=\"\" style=\"max-width:518px\" \/> -->\n                <\/figure>\n            <\/div>\n        \n            <\/div>\n<\/section>\n\n\n<div class=\"wp-block-group is-content-justification-center is-nowrap is-layout-flex wp-container-core-group-is-layout-2 wp-block-group-is-layout-flex\">\n<div class=\"wp-block-group wp-container-content-1 is-layout-constrained wp-block-group-is-layout-constrained\">\n<section class=\"advanced-steps custom-block align-none pt-0 align-desktop-left align-mobile-left font-normal three-columns title-small image-shadow\" style='--background-color:var(--dark-blue-8)'>\n\n    <div class=\"gutenberg-block-background\"><\/div>\n    <div class=\"advanced-steps__container inner-container\">\n        \n        <ul class=\"advanced-steps__list advanced-steps__list--download-steps\" style='--columns-gap:50px'>\n                            <li style='--max-width:px'>\n                                            <h2 class=\"step-title\">1. \u0130ndirin<\/h2>\n                    \n                                            <div class=\"image-wrapper\">\n                            <img decoding=\"async\" width=\"219\" height=\"170\" src=\"https:\/\/freevpnplanet.com\/wp-content\/uploads\/2024\/05\/rvpn-download.df91dd21-20240524_114147_333777.svg\" class=\"attachment-full size-full\" alt=\"Step 1\" \/>                        <\/div>\n\n                                                    <p><a class=\"\" href=\"https:\/\/freevpnplanet.com\/tr\/download\/\" id=\"qa-advanced-step-content-link\">\u0130ndir<\/a> ve uygulamay\u0131 cihaz\u0131n\u0131za y\u00fckleyin<\/p>                                                            <\/li>\n                                <li style='--max-width:px'>\n                                            <h2 class=\"step-title\">2. Ba\u011flan<\/h2>\n                    \n                                            <div class=\"image-wrapper\">\n                            <img decoding=\"async\" width=\"220\" height=\"171\" src=\"https:\/\/freevpnplanet.com\/wp-content\/uploads\/2024\/05\/rvpn-login.60a645a1-20240524_114327_062578.svg\" class=\"attachment-full size-full\" alt=\"Step 1\" \/>                        <\/div>\n\n                                                    <p>Sunucular\u0131m\u0131zdan birine ba\u011flan\u0131n<\/p>                                                            <\/li>\n                                <li style='--max-width:px'>\n                                            <h2 class=\"step-title\">3. Ziyaret Et<\/h2>\n                    \n                                            <div class=\"image-wrapper\">\n                            <img decoding=\"async\" width=\"219\" height=\"170\" src=\"https:\/\/freevpnplanet.com\/wp-content\/uploads\/2024\/05\/rvpn-connect.12ef9ce1-20240524_114733_838401.svg\" class=\"attachment-full size-full\" alt=\"Step 3\" \/>                        <\/div>\n\n                                                    <p>Herhangi bir web sitesini k\u0131s\u0131tlama olmadan ziyaret edin<\/p>                                                            <\/li>\n                        <\/ul>\n\n                    <div class=\"advanced-steps__cta\">\n                <a href=\"\/tr\/plans\/\" target=\"_self\" id=\"qa-steps-btn-cta\" class=\"cta download-by-platform cta--with-border cta-size--small cta-mt--initial icon-position--icon-left\" style=\"--border-radius:40px\"><span class=\"cta__name\">\u00dccretsiz \u0130ndirin<\/span><\/a>            <\/div>\n        \n        \n        \n\n    <\/div>\n<\/section>\n<\/div>\n<\/div>\n\n\n    <\/div>\n\n<\/section>\n\n\n<section class=\"image-text-static-image custom-block align-none  mobile-image-bottom   header-size-small text-size-small  \" style=''>\n\n    <div class=\"gutenberg-block-background\"><\/div>\n    <div class=\"image-text-static-image__inner inner-container\">\n                    <div class=\"image-text-static-image__content content-right\" style='--content-width: 50%'>\n                                    <div class=\"image-text-static-image__title\">\n                        <h2 >IP ADRES\u0130 NASIL DE\u011e\u0130\u015e\u0130R?<\/h2>                    <\/div>\n                \n                <p>Planet VPN a\u011f\u0131na ba\u011fland\u0131\u011f\u0131n\u0131zda, IP adresiniz ba\u015fka bir adresle de\u011fi\u015ftirilir ve her \u015fey farkl\u0131 bir yerdeymi\u015fsiniz gibi g\u00f6r\u00fcn\u00fcr. Bir VPN kulland\u0131\u011f\u0131n\u0131zda, \u0130nternet trafi\u011finiz \u015fifreli bir t\u00fcnelden ge\u00e7er, b\u00f6ylece \u0130nternet Servis Sa\u011flay\u0131c\u0131n\u0131z dahil hi\u00e7 kimse \u0130nternette ne yapt\u0131\u011f\u0131n\u0131z\u0131 g\u00f6remez. Bu nedenle, bir VPN a\u011f\u0131na ba\u011flan\u0131rsan\u0131z, web siteleri, uygulamalar ve hizmetler cihaz\u0131n\u0131z\u0131n adresi yerine VPN sunucusunun genel IP adresini g\u00f6recektir &#8211; bu, &#8220;IP adresinizi gizledi\u011finiz&#8221; veya &#8220;IP adresinizi de\u011fi\u015ftirdi\u011finiz&#8221; anlam\u0131na gelir.<\/p>\n                                    <div class=\"image-text-static-image__cta\">\n                                                    <a href=\"\/tr\/plans\/\" target=\"_self\" id=\"qa-cta-content-btn\" class=\"cta download-by-platform cta--with-border cta-size--small cta-mt--initial icon-position--icon-left\" style=\"--border-radius:40px\"><span class=\"cta__name\">\u00dccretsiz \u0130ndirin<\/span><\/a>                                            <\/div>\n                \n                \n\n            <\/div>\n        \n                    <div class=\"bg-image-wrapper bg-image-wrapper--desktop  left image-align--center\" style='--image-max-width: 50%'>\n                <figure>\n                    <img width=\"436\" height=\"436\" src=\"https:\/\/freevpnplanet.com\/wp-content\/uploads\/2024\/05\/rvpn-rvpn-rvpn-7d778d01-20240408-215431-1200701-20240409-170411-885201-20240507_185229_084591.svg\" class=\"attachment-full size-full\" alt=\"\" loading=\"lazy\" decoding=\"sync\" fetchpriority=\"low\" style=\"max-width:437px\" sizes=\"auto, (max-width: 437px) 100vw, 437px\" aria-hidden=\"true\" \/>                    <!-- <img decoding=\"async\" width=\"436\" height=\"436\" src=\"https:\/\/freevpnplanet.com\/wp-content\/uploads\/2024\/05\/rvpn-rvpn-rvpn-7d778d01-20240408-215431-1200701-20240409-170411-885201-20240507_185229_084591.svg\" class=\"attachment-full size-full\" alt=\"\" style=\"max-width:437px\" \/> -->\n                <\/figure>\n            <\/div>\n        \n            <\/div>\n<\/section>\n\n\n<div class=\"wp-block-group alignfull has-background is-layout-constrained wp-block-group-is-layout-constrained\" style=\"background-color:#2f77d4\">\n<section class=\"image-text custom-block align-full   mobile-image-bottom mobile-title-center  header-size-medium text-size-small   content-left\" style='overflow: hidden;;--background-color:var(--none); --text-color:var(--white);--min-height-mobile:400px;--min-height-desktop:500px;--content-width:52%'>\n\n    <div class=\"gutenberg-block-background\"><\/div>\n    <div class=\"image-text__inner inner-container\">\n\n        \n                    <div class=\"image-text__content\">\n\n                <h2>IP ADRES\u0130M\u0130 G\u0130ZLEMEK VE DE\u011e\u0130\u015eT\u0130RMEK \u0130\u00c7\u0130N PLANET VPN\u2019\u0130N AVANTAJLARI NELERD\u0130R?<\/h2>\n<p>En modern ve g\u00fcvenilir veri \u015fifreleme y\u00f6ntemlerini kullan\u0131yoruz. H\u0131zl\u0131 ve modern VPN sunucular\u0131m\u0131z\u0131n \u00e7o\u011fu d\u00fcnyan\u0131n d\u00f6rt bir yan\u0131nda bulunur ve kullan\u0131c\u0131ya IP adresinizi gizlemek veya de\u011fi\u015ftirmek i\u00e7in \u00e7ok \u00e7e\u015fitli konumlar sunar. Taray\u0131c\u0131lar i\u00e7in proxy uzant\u0131lar\u0131 vard\u0131r, burada \u00fccretsiz modda hizmetimizin \u00e7al\u0131\u015fmas\u0131n\u0131 test edebilir ve IP de\u011fi\u015fikliklerinin nas\u0131l ger\u00e7ekle\u015fti\u011fini ger\u00e7ekten g\u00f6rebilirsiniz. \u0130nternet \u00fczerinden iletilen verileri g\u00fcvenilir bir \u015fekilde korumak i\u00e7in, pop\u00fcler i\u015fletim sistemleri i\u00e7in programlar olu\u015fturduk ve VPN&#8217;i destekleyen s\u0131n\u0131rs\u0131z say\u0131da cihaza ba\u011flanma olana\u011f\u0131 sa\u011flad\u0131k. Yine de, etkinlik kay\u0131tlar\u0131n\u0131 takip etmiyor veya tutmuyoruz. Anonim y\u00f6ntemler de dahil olmak \u00fczere \u00e7ok say\u0131da \u00f6deme se\u00e7ene\u011fi sunuyoruz.<\/p>\n<p>&nbsp;<\/p>\n                                    <div class=\"image-text__cta\">\n                        <a href=\"\/tr\/plans\/\" target=\"_self\" id=\"qa-advanced-cta-bta\" class=\"cta download-by-platform cta--with-border cta-size--small cta-mt--initial icon-position--icon-left\" style=\"--border-radius:40px\"><span class=\"cta__name\">\u00dccretsiz \u0130ndirin<\/span><\/a>                    <\/div>\n                \n            <\/div>\n        \n                    <div class=\"bg-image-wrapper bg-image-wrapper--desktop custom image-align--left\">\n                <figure style='--image-max-width:1500px;--image-opacity:1.00;width: calc(70% - 20px);left:42%;top:50%'>\n                    <img decoding=\"async\" width=\"1140\" height=\"1140\" src=\"https:\/\/freevpnplanet.com\/wp-content\/uploads\/2024\/05\/rvpn-rvpn-map-20240410-114426-568830-20240507_185226_366905.png\" class=\"bg-image\" alt=\"Background Image for Desktop\" \/>                <\/figure>\n            <\/div>\n        \n                    <div class=\"bg-image-wrapper bg-image-wrapper--mobile background-image\">\n                <figure style='width: 140%;max-width: 1000px;opacity: 0.20;margin-top: 24px'>\n                    <img decoding=\"async\" width=\"1140\" height=\"1140\" src=\"https:\/\/freevpnplanet.com\/wp-content\/uploads\/2024\/05\/rvpn-rvpn-map-20240410-114426-568830-20240507_185226_366905.png\" class=\"bg-image\" alt=\"Background Image for Mobile\" \/>                <\/figure>\n            <\/div>\n            <\/div>\n<\/section><\/div>\n","protected":false},"excerpt":{"rendered":"","protected":false},"author":39,"featured_media":0,"parent":0,"menu_order":0,"comment_status":"closed","ping_status":"closed","template":"templates\/page_template-basic_for_gutenberg.php","meta":{"_acf_changed":false,"inline_featured_image":false,"footnotes":""},"download_by_lite_tag":[],"class_list":["post-109569","page","type-page","status-publish","hentry"],"yoast_head":"<!-- This site is optimized with the Yoast SEO plugin v22.6 - https:\/\/yoast.com\/wordpress\/plugins\/seo\/ -->\n<title>\u00dccretsiz VPN ile IP adresi Nas\u0131l De\u011fi\u015ftirilir ve Gizlenir - Planet VPN<\/title>\n<meta name=\"description\" content=\"VPN kullanarak IP adresinizi de\u011fi\u015ftirmek olduk\u00e7a kolayd\u0131r. S\u0131n\u0131rs\u0131z bir internetin keyfini \u00e7\u0131kar\u0131n. Planet VPN ile anonimli\u011finizi koruyun.\" \/>\n<meta name=\"robots\" content=\"index, follow, max-snippet:-1, max-image-preview:large, max-video-preview:-1\" \/>\n<link rel=\"canonical\" href=\"https:\/\/freevpnplanet.com\/tr\/change-ip\/\" \/>\n<meta property=\"og:locale\" content=\"tr_TR\" \/>\n<meta property=\"og:type\" content=\"article\" \/>\n<meta property=\"og:title\" content=\"\u00dccretsiz VPN ile IP adresi Nas\u0131l De\u011fi\u015ftirilir ve Gizlenir - Planet VPN\" \/>\n<meta property=\"og:description\" content=\"VPN kullanarak IP adresinizi de\u011fi\u015ftirmek olduk\u00e7a kolayd\u0131r. S\u0131n\u0131rs\u0131z bir internetin keyfini \u00e7\u0131kar\u0131n. Planet VPN ile anonimli\u011finizi koruyun.\" \/>\n<meta property=\"og:url\" content=\"https:\/\/freevpnplanet.com\/tr\/change-ip\/\" \/>\n<meta property=\"og:site_name\" content=\"Planet VPN\" \/>\n<meta property=\"article:modified_time\" content=\"2026-02-12T14:37:16+00:00\" \/>\n<meta name=\"twitter:card\" content=\"summary_large_image\" \/>\n<script type=\"application\/ld+json\" class=\"yoast-schema-graph\">{\"@context\":\"https:\/\/schema.org\",\"@graph\":[{\"@type\":\"WebPage\",\"@id\":\"https:\/\/freevpnplanet.com\/tr\/change-ip\/\",\"url\":\"https:\/\/freevpnplanet.com\/tr\/change-ip\/\",\"name\":\"\u00dccretsiz VPN ile IP adresi Nas\u0131l De\u011fi\u015ftirilir ve Gizlenir - Planet VPN\",\"isPartOf\":{\"@id\":\"https:\/\/freevpnplanet.com\/tr\/#website\"},\"datePublished\":\"2024-05-02T15:08:20+00:00\",\"dateModified\":\"2026-02-12T14:37:16+00:00\",\"description\":\"VPN kullanarak IP adresinizi de\u011fi\u015ftirmek olduk\u00e7a kolayd\u0131r. S\u0131n\u0131rs\u0131z bir internetin keyfini \u00e7\u0131kar\u0131n. Planet VPN ile anonimli\u011finizi koruyun.\",\"breadcrumb\":{\"@id\":\"https:\/\/freevpnplanet.com\/tr\/change-ip\/#breadcrumb\"},\"inLanguage\":\"tr\",\"potentialAction\":[{\"@type\":\"ReadAction\",\"target\":[\"https:\/\/freevpnplanet.com\/tr\/change-ip\/\"]}]},{\"@type\":\"BreadcrumbList\",\"@id\":\"https:\/\/freevpnplanet.com\/tr\/change-ip\/#breadcrumb\",\"itemListElement\":[{\"@type\":\"ListItem\",\"position\":1,\"name\":\"Home\",\"item\":\"https:\/\/freevpnplanet.com\/tr\/\"},{\"@type\":\"ListItem\",\"position\":2,\"name\":\"Change IP\"}]},{\"@type\":\"WebSite\",\"@id\":\"https:\/\/freevpnplanet.com\/tr\/#website\",\"url\":\"https:\/\/freevpnplanet.com\/tr\/\",\"name\":\"Planet VPN \ud83d\udee1\ufe0f\ud83c\udf10 Free VPN\",\"description\":\"Free VPN\",\"potentialAction\":[{\"@type\":\"SearchAction\",\"target\":{\"@type\":\"EntryPoint\",\"urlTemplate\":\"https:\/\/freevpnplanet.com\/tr\/?s={search_term_string}\"},\"query-input\":\"required name=search_term_string\"}],\"inLanguage\":\"tr\",\"publisher\":{\"@id\":\"https:\/\/freevpnplanet.com\/tr\/#organization\"}},{\"@context\":\"https:\/\/schema.org\/\",\"@type\":\"SoftwareApplication\",\"name\":\"Planet VPN \ud83d\udee1\ufe0f\ud83c\udf10 Free VPN\",\"operatingSystem\":\"Windows, macOS, iOS, Android, Linux, Chrome\",\"applicationCategory\":\"SecurityApplication\",\"offers\":{\"@type\":\"AggregateOffer\",\"priceCurrency\":\"USD\",\"price\":\"0\",\"lowPrice\":\"0\",\"availability\":\"https:\/\/schema.org\/InStock\"},\"aggregateRating\":{\"@type\":\"AggregateRating\",\"ratingValue\":\"4.8\",\"bestRating\":\"5\",\"ratingCount\":\"12476\"}},{\"@type\":\"Organization\",\"@id\":\"https:\/\/freevpnplanet.com\/tr\/#organization\",\"url\":\"https:\/\/freevpnplanet.com\/tr\/\",\"name\":\"Planet VPN \ud83d\udee1\ufe0f\ud83c\udf10 Free VPN\"}]}<\/script>\n<!-- \/ Yoast SEO plugin. -->","yoast_head_json":{"title":"\u00dccretsiz VPN ile IP adresi Nas\u0131l De\u011fi\u015ftirilir ve Gizlenir - Planet VPN","description":"VPN kullanarak IP adresinizi de\u011fi\u015ftirmek olduk\u00e7a kolayd\u0131r. S\u0131n\u0131rs\u0131z bir internetin keyfini \u00e7\u0131kar\u0131n. Planet VPN ile anonimli\u011finizi koruyun.","robots":{"index":"index","follow":"follow","max-snippet":"max-snippet:-1","max-image-preview":"max-image-preview:large","max-video-preview":"max-video-preview:-1"},"canonical":"https:\/\/freevpnplanet.com\/tr\/change-ip\/","og_locale":"tr_TR","og_type":"article","og_title":"\u00dccretsiz VPN ile IP adresi Nas\u0131l De\u011fi\u015ftirilir ve Gizlenir - Planet VPN","og_description":"VPN kullanarak IP adresinizi de\u011fi\u015ftirmek olduk\u00e7a kolayd\u0131r. S\u0131n\u0131rs\u0131z bir internetin keyfini \u00e7\u0131kar\u0131n. Planet VPN ile anonimli\u011finizi koruyun.","og_url":"https:\/\/freevpnplanet.com\/tr\/change-ip\/","og_site_name":"Planet VPN","article_modified_time":"2026-02-12T14:37:16+00:00","twitter_card":"summary_large_image","schema":{"@context":"https:\/\/schema.org","@graph":[{"@type":"WebPage","@id":"https:\/\/freevpnplanet.com\/tr\/change-ip\/","url":"https:\/\/freevpnplanet.com\/tr\/change-ip\/","name":"\u00dccretsiz VPN ile IP adresi Nas\u0131l De\u011fi\u015ftirilir ve Gizlenir - Planet VPN","isPartOf":{"@id":"https:\/\/freevpnplanet.com\/tr\/#website"},"datePublished":"2024-05-02T15:08:20+00:00","dateModified":"2026-02-12T14:37:16+00:00","description":"VPN kullanarak IP adresinizi de\u011fi\u015ftirmek olduk\u00e7a kolayd\u0131r. S\u0131n\u0131rs\u0131z bir internetin keyfini \u00e7\u0131kar\u0131n. Planet VPN ile anonimli\u011finizi koruyun.","breadcrumb":{"@id":"https:\/\/freevpnplanet.com\/tr\/change-ip\/#breadcrumb"},"inLanguage":"tr","potentialAction":[{"@type":"ReadAction","target":["https:\/\/freevpnplanet.com\/tr\/change-ip\/"]}]},{"@type":"BreadcrumbList","@id":"https:\/\/freevpnplanet.com\/tr\/change-ip\/#breadcrumb","itemListElement":[{"@type":"ListItem","position":1,"name":"Home","item":"https:\/\/freevpnplanet.com\/tr\/"},{"@type":"ListItem","position":2,"name":"Change IP"}]},{"@type":"WebSite","@id":"https:\/\/freevpnplanet.com\/tr\/#website","url":"https:\/\/freevpnplanet.com\/tr\/","name":"Planet VPN \ud83d\udee1\ufe0f\ud83c\udf10 Free VPN","description":"Free VPN","potentialAction":[{"@type":"SearchAction","target":{"@type":"EntryPoint","urlTemplate":"https:\/\/freevpnplanet.com\/tr\/?s={search_term_string}"},"query-input":"required name=search_term_string"}],"inLanguage":"tr","publisher":{"@id":"https:\/\/freevpnplanet.com\/tr\/#organization"}},{"@context":"https:\/\/schema.org\/","@type":"SoftwareApplication","name":"Planet VPN \ud83d\udee1\ufe0f\ud83c\udf10 Free VPN","operatingSystem":"Windows, macOS, iOS, Android, Linux, Chrome","applicationCategory":"SecurityApplication","offers":{"@type":"AggregateOffer","priceCurrency":"USD","price":"0","lowPrice":"0","availability":"https:\/\/schema.org\/InStock"},"aggregateRating":{"@type":"AggregateRating","ratingValue":"4.8","bestRating":"5","ratingCount":"12476"}},{"@type":"Organization","@id":"https:\/\/freevpnplanet.com\/tr\/#organization","url":"https:\/\/freevpnplanet.com\/tr\/","name":"Planet VPN \ud83d\udee1\ufe0f\ud83c\udf10 Free VPN"}]}},"acf":[],"_links":{"self":[{"href":"https:\/\/freevpnplanet.com\/tr\/wp-json\/wp\/v2\/pages\/109569","targetHints":{"allow":["GET"]}}],"collection":[{"href":"https:\/\/freevpnplanet.com\/tr\/wp-json\/wp\/v2\/pages"}],"about":[{"href":"https:\/\/freevpnplanet.com\/tr\/wp-json\/wp\/v2\/types\/page"}],"author":[{"embeddable":true,"href":"https:\/\/freevpnplanet.com\/tr\/wp-json\/wp\/v2\/users\/39"}],"replies":[{"embeddable":true,"href":"https:\/\/freevpnplanet.com\/tr\/wp-json\/wp\/v2\/comments?post=109569"}],"version-history":[{"count":6,"href":"https:\/\/freevpnplanet.com\/tr\/wp-json\/wp\/v2\/pages\/109569\/revisions"}],"predecessor-version":[{"id":190465,"href":"https:\/\/freevpnplanet.com\/tr\/wp-json\/wp\/v2\/pages\/109569\/revisions\/190465"}],"wp:attachment":[{"href":"https:\/\/freevpnplanet.com\/tr\/wp-json\/wp\/v2\/media?parent=109569"}],"wp:term":[{"taxonomy":"download_by_lite_tag","embeddable":true,"href":"https:\/\/freevpnplanet.com\/tr\/wp-json\/wp\/v2\/download_by_lite_tag?post=109569"}],"curies":[{"name":"wp","href":"https:\/\/api.w.org\/{rel}","templated":true}]}}