{"id":96367,"date":"2024-07-01T10:13:33","date_gmt":"2024-07-01T07:13:33","guid":{"rendered":"https:\/\/help.freeplanetvpn.com\/cookies\/"},"modified":"2024-09-11T16:04:12","modified_gmt":"2024-09-11T13:04:12","slug":"cookies","status":"publish","type":"page","link":"https:\/\/freevpnplanet.com\/tr\/cookies\/","title":{"rendered":"Cookies"},"content":{"rendered":"\n<style>.entry-content{margin-bottom:100px}.entry-content,.entry-content p,.entry-content h1,.entry-content h4,.entry-content ul li{color:var(--black)}.entry-content h1{font-size:40px;font-weight:700;margin-bottom:50px}.entry-content h4{font-size:30px;font-weight:500;margin:40px 0 30px}.entry-content a{color:var(--green)}<\/style>\n\n\n\n<h1 class=\"wp-block-heading\">\u00c7erez Politikas\u0131<\/h1>\n\n\n\n<p>\u00c7erez, benzersiz bir tan\u0131mlay\u0131c\u0131 i\u00e7eren bir dosyad\u0131r. Bu tan\u0131mlay\u0131c\u0131 sunucu taraf\u0131ndan taray\u0131c\u0131ya g\u00f6nderilir ve sonras\u0131nda cihaz\u0131n\u0131zda saklan\u0131r. Sonu\u00e7 olarak bu tan\u0131mlay\u0131c\u0131, sunucudan taray\u0131c\u0131 sayfas\u0131na her istek ald\u0131\u011f\u0131nda sunucuya iletilir.<\/p>\n\n\n\n<p>Bu dosyalar 2 farkl\u0131 kategoriye ayr\u0131lm\u0131\u015ft\u0131r:<\/p>\n\n\n\n<ul class=\"wp-block-list\">\n<li>Kal\u0131c\u0131<\/li>\n\n\n\n<li>Oturum \u00e7erezleri<\/li>\n<\/ul>\n\n\n\n<p>Taray\u0131c\u0131, ilk kategorideki \u00e7erezleri silinene kadar (otomatik veya manuel olarak) saklayacakt\u0131r.<\/p>\n\n\n\n<p>Oturum \u00e7erezleri kullan\u0131c\u0131 oturumunun sonunda otomatik olarak silinir (taray\u0131c\u0131y\u0131 kapatt\u0131ktan sonra)<\/p>\n\n\n\n<p>Planet VPN&#8217;de toplanan \u00e7erezler herhangi bir gizli veya ki\u015fisel m\u00fc\u015fteri bilgisi i\u00e7ermez.<\/p>\n\n\n\n<h4 class=\"wp-block-heading\">Planet VPN \u00e7erez dosyalar\u0131n\u0131 nas\u0131l kullan\u0131yor?<\/h4>\n\n\n\n<p>Planet VPN, web sitesinde \u00e7erez kullanmaktad\u0131r (https:\/\/www.freevpnplanet.com adresinde mevcuttur). A\u00e7\u0131klama ve d\u00fczenlemeler ilgili sayfada a\u00e7\u0131klanm\u0131\u015ft\u0131r.<\/p>\n\n\n\n<p>Kullan\u0131c\u0131lar platformumuzda bir hesap olu\u015fturarak genel y\u00f6netim ve \u00f6zellikle kay\u0131t s\u00fcreci i\u00e7in \u00e7erezlerin kullan\u0131lmas\u0131n\u0131 kabul etmi\u015f olurlar. \u00c7erezlerin kullan\u0131m\u0131, Web Sitesini her ziyaret etti\u011finizde oturum a\u00e7ma ihtiyac\u0131n\u0131 ortadan kald\u0131rarak yetkilendirme s\u00fcrecini basitle\u015ftirmenize ve web sitesini kullan\u0131rken tercihlerinizi kaydetmenize olanak tan\u0131r. \u00d6zellikle bu \u00e7erezler kullan\u0131c\u0131n\u0131n &#8220;\u00c7\u0131k\u0131\u015f&#8221; yapmas\u0131n\u0131n ard\u0131ndan otomatik olarak silinmektedir.<\/p>\n\n\n\n<p>Web sitesinde e-ticaret ve \u00f6deme y\u00f6ntemleri sunulmaktad\u0131r. \u00d6demelerin d\u00fczg\u00fcn bir \u015fekilde i\u015flenebilmesi i\u00e7in \u00e7erezler gereklidir.<\/p>\n\n\n\n<p>Planet VPN, kullan\u0131c\u0131lara hizmet m\u00fc\u015fterilerini e\u011fitmek, yararl\u0131 bilgiler sunmak veya kullan\u0131c\u0131larla daha iyi etkile\u015fimde bulunmak i\u00e7in formlar\u0131 doldurma veya farkl\u0131 anketlere kat\u0131lma imkan\u0131 sunar. Bu anketler ve \u00e7al\u0131\u015fmalar, ayn\u0131 ki\u015finin birden fazla ankete kat\u0131lmas\u0131n\u0131 \u00f6nlemek i\u00e7in \u00e7erezler kullanabilir.<\/p>\n\n\n\n<p>Bir blog yorumu yazarken veya herhangi bir form\/ba\u015fvuru doldururken, Planet VPN kullan\u0131c\u0131 bilgilerini gelecekte do\u011fru i\u015fleyebilmek i\u00e7in kaydetmek amac\u0131yla \u00e7erezler kullan\u0131r.<\/p>\n\n\n\n<p>Web Sitesini kullan\u0131rken, Planet VPN platformda en iyi kullan\u0131c\u0131 deneyimi i\u00e7in \u00e7erezleri toplar.<\/p>\n\n\n\n<h4 class=\"wp-block-heading\">\u00c7erezleri devre d\u0131\u015f\u0131 b\u0131rakma<\/h4>\n\n\n\n<p>\u00c7erez toplama ve kullan\u0131m\u0131n\u0131 devre d\u0131\u015f\u0131 b\u0131rakabilirsiniz (daha ayr\u0131nt\u0131l\u0131 bilgi almak i\u00e7in tercih etti\u011finiz taray\u0131c\u0131daki Ayar sayfas\u0131n\u0131 ziyaret edin). \u00c7erezleri devre d\u0131\u015f\u0131 b\u0131rakman\u0131n web kaynaklar\u0131n\u0131n genel i\u015fleyi\u015fini etkileyebilece\u011fi unutulmamal\u0131d\u0131r. Bu nedenle, \u00e7erezlerin kapat\u0131lmas\u0131 \u00f6nerilmez.<\/p>\n\n\n\n<p>\u00c7erezleri devre d\u0131\u015f\u0131 b\u0131rakman\u0131n yollar\u0131 \u00e7e\u015fitli taray\u0131c\u0131larda farkl\u0131l\u0131k g\u00f6sterebilir; bu nedenle Planet VPN, farkl\u0131 taray\u0131c\u0131lara y\u00f6nelik sayfalar\u0131n listesini sunar.<\/p>\n\n\n\n<ul class=\"wp-block-list\">\n<li>Chrome<br><a href=\"https:\/\/support.google.com\/chrome\/answer\/95647\">https:\/\/support.google.com\/chrome\/answer\/95647<\/a><\/li>\n\n\n\n<li>Safari<br><a href=\"https:\/\/support.apple.com\/en-gb\/guide\/safari\/manage-cookies-and-website-data-sfri11471\/mac\">https:\/\/support.apple.com\/en-gb\/guide\/safari\/manage-cookies-and-website-data-sfri11471\/mac<\/a><\/li>\n\n\n\n<li>Firefox<br><a href=\"https:\/\/support.mozilla.org\/en-US\/kb\/enable-and-disable-cookies-website-preferences\">https:\/\/support.mozilla.org\/en-US\/kb\/enable-and-disable-cookies-website-preferences<\/a><\/li>\n\n\n\n<li>Opera<br><a href=\"http:\/\/www.opera.com\/help\/tutorials\/security\/cookies\">http:\/\/www.opera.com\/help\/tutorials\/security\/cookies<\/a><\/li>\n\n\n\n<li>Internet Explorer<br><a href=\"https:\/\/support.microsoft.com\/en-gb\/help\/17442\/windows-internet-explorer-delete-manage-cookies\">https:\/\/support.microsoft.com\/en-gb\/help\/17442\/windows-internet-explorer-delete-manage-cookies<\/a><\/li>\n\n\n\n<li>Edge<br><a href=\"https:\/\/privacy.microsoft.com\/en-us\/windows-10-microsoft-edge-and-privacy\">https:\/\/privacy.microsoft.com\/en-us\/windows-10-microsoft-edge-and-privacy<\/a><\/li>\n<\/ul>\n\n\n\n<h4 class=\"wp-block-heading\">Planet VPN&#8217;de kullan\u0131lan \u00e7erezlerin listesi<\/h4>\n\n\n\n<p>Burada, g\u00fcvenilir \u00fc\u00e7\u00fcnc\u00fc taraflarca toplanan ve sa\u011flanan \u00e7erezler listelenecektir. A\u015fa\u011f\u0131da listelenen \u00e7erezler, web sitesini kullan\u0131rken kar\u015f\u0131la\u015faca\u011f\u0131n\u0131z \u00e7erezlerdir:<\/p>\n\n\n\n<h4 class=\"wp-block-heading\">Google Analytics:<\/h4>\n\n\n\n<p>Bu dosyalar en g\u00fcvenilir olanlardan biridir, kullan\u0131mlar\u0131 Web Sitesinin t\u00fcm i\u015fleyi\u015fini analiz etmeye yard\u0131mc\u0131 olur ve nas\u0131l optimize edilece\u011fini \u00f6nerir. Toplanan bilgiler, kullan\u0131c\u0131n\u0131n sayfada, Web Sitesinde ge\u00e7irdi\u011fi s\u00fcreyi ve platformda ger\u00e7ekle\u015ftirilen eylemleri i\u00e7erir.<\/p>\n\n\n\n<p>Google Analytics hakk\u0131nda daha ayr\u0131nt\u0131l\u0131 bilgi i\u00e7in resmi&nbsp;<a href=\"https:\/\/developers.google.com\/analytics\/devguides\/collection\/analyticsjs\/cookie-usage\">sayfaya gidin:<\/a><\/p>\n\n\n\n<h4 class=\"wp-block-heading\">Matomo:<\/h4>\n\n\n\n<p>Bu \u00e7erezler en g\u00fcvenilir ve emniyetli olanlardan biridir, kullan\u0131mlar\u0131 web sitesindeki i\u015flemlerin niteliksel olarak analiz edilmesine ve platformdaki m\u00fc\u015fteriler ve kullan\u0131c\u0131lar i\u00e7in kullan\u0131m\u0131n\u0131n nas\u0131l d\u00fczg\u00fcn bir \u015fekilde optimize edilece\u011fine yard\u0131mc\u0131 olur. Toplanan bilgiler, kullan\u0131c\u0131n\u0131n sayfada ge\u00e7irdi\u011fi s\u00fcreyi, genel olarak Web Sitesinde ge\u00e7irdi\u011fi s\u00fcreyi ve platformda ger\u00e7ekle\u015ftirilen eylemleri i\u00e7erir.<\/p>\n\n\n\n<p>Matomo ile ilgili daha detayl\u0131 bilgi almak i\u00e7in l\u00fctfen resmi&nbsp;<a href=\"https:\/\/matomo.org\/privacy\/\">sayfay\u0131 ziyaret ediniz:<\/a><\/p>\n\n\n\n<h4 class=\"wp-block-heading\">Zendesk:<\/h4>\n\n\n\n<p>\u00c7evrimi\u00e7i sohbetlerde size gerekli yard\u0131m\u0131 sa\u011flamak ve bir &#8220;Veri Taban\u0131&#8221; olu\u015fturmak i\u00e7in Zendesk kullan\u0131yoruz. Zendesk taray\u0131c\u0131n\u0131za baz\u0131 \u00e7erez dosyalar\u0131 yerle\u015ftirebilir. Bunlar \u00f6nc\u00fcl dosyalar olarak bilinir ve oturum bilgilerini saklamak i\u00e7in gereklidir. \u00d6rne\u011fin, ziyaret\u00e7ilerin ve kullan\u0131c\u0131lar\u0131n tercihlerini anlamak, deneyimlerini geli\u015ftirmek, kullan\u0131m\u0131, gezinmeyi ve di\u011fer gerekli istatistiksel bilgileri izlemek ve analiz etmek i\u00e7in web sitelerimizde \u00e7erezler kullan\u0131yoruz.<\/p>\n\n\n\n<p>Gizlilik politikas\u0131 \u015fu&nbsp;<a href=\"https:\/\/www.zendesk.com\/company\/customers-partners\/privacy-policy\/\">adreste incelenebilir:<\/a><\/p>\n\n\n\n<h4 class=\"wp-block-heading\">Bizimle ileti\u015fime ge\u00e7ebilirsiniz<\/h4>\n\n\n\n<ul class=\"wp-block-list\">\n<li>Web sitemizi kullanarak;<br><a class=\"\" href=\"https:\/\/freevpnplanet.com\/tr\/contact-us\/\">\u0130leti\u015fim bilgileri<\/a><\/li>\n\n\n\n<li>E-posta kullanarak;<br><a href=\"mailto:support@freevpnplanet.com\">support@freevpnplanet.com<\/a><\/li>\n<\/ul>\n","protected":false},"excerpt":{"rendered":"<p>\u00c7erez Politikas\u0131 \u00c7erez, benzersiz bir tan\u0131mlay\u0131c\u0131 i\u00e7eren bir dosyad\u0131r. Bu tan\u0131mlay\u0131c\u0131 sunucu taraf\u0131ndan taray\u0131c\u0131ya g\u00f6nderilir ve sonras\u0131nda cihaz\u0131n\u0131zda saklan\u0131r. Sonu\u00e7 olarak bu tan\u0131mlay\u0131c\u0131, sunucudan taray\u0131c\u0131 sayfas\u0131na her istek ald\u0131\u011f\u0131nda sunucuya iletilir. Bu dosyalar 2 farkl\u0131 kategoriye ayr\u0131lm\u0131\u015ft\u0131r: Taray\u0131c\u0131, ilk kategorideki \u00e7erezleri silinene kadar (otomatik veya manuel olarak) saklayacakt\u0131r. Oturum \u00e7erezleri kullan\u0131c\u0131 oturumunun sonunda otomatik olarak&#8230;<\/p>\n","protected":false},"author":13,"featured_media":0,"parent":0,"menu_order":0,"comment_status":"closed","ping_status":"closed","template":"templates\/page_template-basic_for_gutenberg.php","meta":{"_acf_changed":false,"inline_featured_image":false,"footnotes":""},"download_by_lite_tag":[],"class_list":["post-96367","page","type-page","status-publish","hentry"],"yoast_head":"<!-- This site is optimized with the Yoast SEO plugin v22.6 - https:\/\/yoast.com\/wordpress\/plugins\/seo\/ -->\n<title>\u00c7erez Politikas\u0131 - Planet VPN<\/title>\n<meta name=\"description\" content=\"\u00c7erez kurallar\u0131m\u0131z: en iyi performans\u0131 sa\u011flamak i\u00e7in hangi \u00e7erezleri kullan\u0131yoruz. Endi\u015felenmeyin, hizmetin kullan\u0131m\u0131yla ilgili t\u00fcm veriler anonimdir.\" \/>\n<meta name=\"robots\" content=\"index, follow, max-snippet:-1, max-image-preview:large, max-video-preview:-1\" \/>\n<link rel=\"canonical\" href=\"https:\/\/freevpnplanet.com\/tr\/cookies\/\" \/>\n<meta property=\"og:locale\" content=\"tr_TR\" \/>\n<meta property=\"og:type\" content=\"article\" \/>\n<meta property=\"og:title\" content=\"\u00c7erez Politikas\u0131 - Planet VPN\" \/>\n<meta property=\"og:description\" content=\"\u00c7erez kurallar\u0131m\u0131z: en iyi performans\u0131 sa\u011flamak i\u00e7in hangi \u00e7erezleri kullan\u0131yoruz. Endi\u015felenmeyin, hizmetin kullan\u0131m\u0131yla ilgili t\u00fcm veriler anonimdir.\" \/>\n<meta property=\"og:url\" content=\"https:\/\/freevpnplanet.com\/tr\/cookies\/\" \/>\n<meta property=\"og:site_name\" content=\"Planet VPN\" \/>\n<meta property=\"article:modified_time\" content=\"2024-09-11T13:04:12+00:00\" \/>\n<meta name=\"twitter:card\" content=\"summary_large_image\" \/>\n<meta name=\"twitter:label1\" content=\"Est. reading time\" \/>\n\t<meta name=\"twitter:data1\" content=\"3 minutes\" \/>\n<script type=\"application\/ld+json\" class=\"yoast-schema-graph\">{\"@context\":\"https:\/\/schema.org\",\"@graph\":[{\"@type\":\"WebPage\",\"@id\":\"https:\/\/freevpnplanet.com\/tr\/cookies\/\",\"url\":\"https:\/\/freevpnplanet.com\/tr\/cookies\/\",\"name\":\"\u00c7erez Politikas\u0131 - Planet VPN\",\"isPartOf\":{\"@id\":\"https:\/\/freevpnplanet.com\/tr\/#website\"},\"datePublished\":\"2024-07-01T07:13:33+00:00\",\"dateModified\":\"2024-09-11T13:04:12+00:00\",\"description\":\"\u00c7erez kurallar\u0131m\u0131z: en iyi performans\u0131 sa\u011flamak i\u00e7in hangi \u00e7erezleri kullan\u0131yoruz. Endi\u015felenmeyin, hizmetin kullan\u0131m\u0131yla ilgili t\u00fcm veriler anonimdir.\",\"breadcrumb\":{\"@id\":\"https:\/\/freevpnplanet.com\/tr\/cookies\/#breadcrumb\"},\"inLanguage\":\"tr\",\"potentialAction\":[{\"@type\":\"ReadAction\",\"target\":[\"https:\/\/freevpnplanet.com\/tr\/cookies\/\"]}]},{\"@type\":\"BreadcrumbList\",\"@id\":\"https:\/\/freevpnplanet.com\/tr\/cookies\/#breadcrumb\",\"itemListElement\":[{\"@type\":\"ListItem\",\"position\":1,\"name\":\"Home\",\"item\":\"https:\/\/freevpnplanet.com\/tr\/\"},{\"@type\":\"ListItem\",\"position\":2,\"name\":\"Cookies\"}]},{\"@type\":\"WebSite\",\"@id\":\"https:\/\/freevpnplanet.com\/tr\/#website\",\"url\":\"https:\/\/freevpnplanet.com\/tr\/\",\"name\":\"Planet VPN \ud83d\udee1\ufe0f\ud83c\udf10 Free VPN\",\"description\":\"Free VPN\",\"potentialAction\":[{\"@type\":\"SearchAction\",\"target\":{\"@type\":\"EntryPoint\",\"urlTemplate\":\"https:\/\/freevpnplanet.com\/tr\/?s={search_term_string}\"},\"query-input\":\"required name=search_term_string\"}],\"inLanguage\":\"tr\",\"publisher\":{\"@id\":\"https:\/\/freevpnplanet.com\/tr\/#organization\"}},{\"@context\":\"https:\/\/schema.org\/\",\"@type\":\"SoftwareApplication\",\"name\":\"Planet VPN \ud83d\udee1\ufe0f\ud83c\udf10 Free VPN\",\"operatingSystem\":\"Windows, macOS, iOS, Android, Linux, Chrome\",\"applicationCategory\":\"SecurityApplication\",\"offers\":{\"@type\":\"AggregateOffer\",\"priceCurrency\":\"USD\",\"price\":\"0\",\"lowPrice\":\"0\",\"availability\":\"https:\/\/schema.org\/InStock\"},\"aggregateRating\":{\"@type\":\"AggregateRating\",\"ratingValue\":\"4.8\",\"bestRating\":\"5\",\"ratingCount\":\"12476\"}},{\"@type\":\"Organization\",\"@id\":\"https:\/\/freevpnplanet.com\/tr\/#organization\",\"url\":\"https:\/\/freevpnplanet.com\/tr\/\",\"name\":\"Planet VPN \ud83d\udee1\ufe0f\ud83c\udf10 Free VPN\"}]}<\/script>\n<!-- \/ Yoast SEO plugin. -->","yoast_head_json":{"title":"\u00c7erez Politikas\u0131 - Planet VPN","description":"\u00c7erez kurallar\u0131m\u0131z: en iyi performans\u0131 sa\u011flamak i\u00e7in hangi \u00e7erezleri kullan\u0131yoruz. Endi\u015felenmeyin, hizmetin kullan\u0131m\u0131yla ilgili t\u00fcm veriler anonimdir.","robots":{"index":"index","follow":"follow","max-snippet":"max-snippet:-1","max-image-preview":"max-image-preview:large","max-video-preview":"max-video-preview:-1"},"canonical":"https:\/\/freevpnplanet.com\/tr\/cookies\/","og_locale":"tr_TR","og_type":"article","og_title":"\u00c7erez Politikas\u0131 - Planet VPN","og_description":"\u00c7erez kurallar\u0131m\u0131z: en iyi performans\u0131 sa\u011flamak i\u00e7in hangi \u00e7erezleri kullan\u0131yoruz. Endi\u015felenmeyin, hizmetin kullan\u0131m\u0131yla ilgili t\u00fcm veriler anonimdir.","og_url":"https:\/\/freevpnplanet.com\/tr\/cookies\/","og_site_name":"Planet VPN","article_modified_time":"2024-09-11T13:04:12+00:00","twitter_card":"summary_large_image","twitter_misc":{"Est. reading time":"3 minutes"},"schema":{"@context":"https:\/\/schema.org","@graph":[{"@type":"WebPage","@id":"https:\/\/freevpnplanet.com\/tr\/cookies\/","url":"https:\/\/freevpnplanet.com\/tr\/cookies\/","name":"\u00c7erez Politikas\u0131 - Planet VPN","isPartOf":{"@id":"https:\/\/freevpnplanet.com\/tr\/#website"},"datePublished":"2024-07-01T07:13:33+00:00","dateModified":"2024-09-11T13:04:12+00:00","description":"\u00c7erez kurallar\u0131m\u0131z: en iyi performans\u0131 sa\u011flamak i\u00e7in hangi \u00e7erezleri kullan\u0131yoruz. Endi\u015felenmeyin, hizmetin kullan\u0131m\u0131yla ilgili t\u00fcm veriler anonimdir.","breadcrumb":{"@id":"https:\/\/freevpnplanet.com\/tr\/cookies\/#breadcrumb"},"inLanguage":"tr","potentialAction":[{"@type":"ReadAction","target":["https:\/\/freevpnplanet.com\/tr\/cookies\/"]}]},{"@type":"BreadcrumbList","@id":"https:\/\/freevpnplanet.com\/tr\/cookies\/#breadcrumb","itemListElement":[{"@type":"ListItem","position":1,"name":"Home","item":"https:\/\/freevpnplanet.com\/tr\/"},{"@type":"ListItem","position":2,"name":"Cookies"}]},{"@type":"WebSite","@id":"https:\/\/freevpnplanet.com\/tr\/#website","url":"https:\/\/freevpnplanet.com\/tr\/","name":"Planet VPN \ud83d\udee1\ufe0f\ud83c\udf10 Free VPN","description":"Free VPN","potentialAction":[{"@type":"SearchAction","target":{"@type":"EntryPoint","urlTemplate":"https:\/\/freevpnplanet.com\/tr\/?s={search_term_string}"},"query-input":"required name=search_term_string"}],"inLanguage":"tr","publisher":{"@id":"https:\/\/freevpnplanet.com\/tr\/#organization"}},{"@context":"https:\/\/schema.org\/","@type":"SoftwareApplication","name":"Planet VPN \ud83d\udee1\ufe0f\ud83c\udf10 Free VPN","operatingSystem":"Windows, macOS, iOS, Android, Linux, Chrome","applicationCategory":"SecurityApplication","offers":{"@type":"AggregateOffer","priceCurrency":"USD","price":"0","lowPrice":"0","availability":"https:\/\/schema.org\/InStock"},"aggregateRating":{"@type":"AggregateRating","ratingValue":"4.8","bestRating":"5","ratingCount":"12476"}},{"@type":"Organization","@id":"https:\/\/freevpnplanet.com\/tr\/#organization","url":"https:\/\/freevpnplanet.com\/tr\/","name":"Planet VPN \ud83d\udee1\ufe0f\ud83c\udf10 Free VPN"}]}},"acf":[],"_links":{"self":[{"href":"https:\/\/freevpnplanet.com\/tr\/wp-json\/wp\/v2\/pages\/96367","targetHints":{"allow":["GET"]}}],"collection":[{"href":"https:\/\/freevpnplanet.com\/tr\/wp-json\/wp\/v2\/pages"}],"about":[{"href":"https:\/\/freevpnplanet.com\/tr\/wp-json\/wp\/v2\/types\/page"}],"author":[{"embeddable":true,"href":"https:\/\/freevpnplanet.com\/tr\/wp-json\/wp\/v2\/users\/13"}],"replies":[{"embeddable":true,"href":"https:\/\/freevpnplanet.com\/tr\/wp-json\/wp\/v2\/comments?post=96367"}],"version-history":[{"count":0,"href":"https:\/\/freevpnplanet.com\/tr\/wp-json\/wp\/v2\/pages\/96367\/revisions"}],"wp:attachment":[{"href":"https:\/\/freevpnplanet.com\/tr\/wp-json\/wp\/v2\/media?parent=96367"}],"wp:term":[{"taxonomy":"download_by_lite_tag","embeddable":true,"href":"https:\/\/freevpnplanet.com\/tr\/wp-json\/wp\/v2\/download_by_lite_tag?post=96367"}],"curies":[{"name":"wp","href":"https:\/\/api.w.org\/{rel}","templated":true}]}}