{"id":97810,"date":"2024-05-13T20:27:17","date_gmt":"2024-05-13T17:27:17","guid":{"rendered":"https:\/\/help.freeplanetvpn.com\/dns-check\/"},"modified":"2024-11-28T13:01:10","modified_gmt":"2024-11-28T10:01:10","slug":"dns-check","status":"publish","type":"page","link":"https:\/\/freevpnplanet.com\/tr\/dns-check\/","title":{"rendered":"DNS check"},"content":{"rendered":"\n<section class=\"tools-hero\">\n  <div class=\"tools-hero__inner container\">\n\n          <h1 class=\"tools-hero__title\">\u00c7evrimi\u00e7i DNS s\u0131z\u0131nt\u0131 denetimi<\/h1>\n    \n    <div class=\"dns-propagation\">\n        <div class=\"dns-propagation__text\">\n                    <p>\u0130nternet servis sa\u011flay\u0131c\u0131n\u0131z, ba\u011flanabilece\u011finiz ve hizmetlerini kullanabilece\u011finiz DNS sunucular\u0131na sahiptir. Sunucu sahibi genellikle; veri okumak, etkinlikleri takip etmek ve kullan\u0131lan uygulamalar\u0131 belirlemek i\u00e7in kullan\u0131c\u0131y\u0131 izler. Bu veriler daha sonra sunucu sahibi ya da bir \u00fc\u00e7\u00fcnc\u00fc \u015fah\u0131s taraf\u0131ndan kullan\u0131c\u0131n\u0131n dijital portresini olu\u015fturmak i\u00e7in kullan\u0131l\u0131r.<\/p>\n<p>\u0130nternette kendinizi izletmeyin &#8211; Planet VPN DNS sunucular\u0131n\u0131 kullan\u0131n. S\u0131z\u0131nt\u0131lar\u0131 denetleyin ve verilerinizi koruyun.<\/p>        \n                        <a id=\"qa-avoid-dns\"\n               href=\"https:\/\/account.freevpnplanet.com\/tr\/order\/\"\n               target=\"\"\n              class=\"cta\">DNS S\u0131z\u0131nt\u0131lar\u0131ndan Ka\u00e7\u0131n\u0131n!            <\/a>\n                  <\/div>\n\n      <div class=\"dns-propagation__context\">\n        <div class=\"dns-propagation__check\">\n          <div class=\"dns-propagation__status dns-propagation__status--undefined\" id=\"status-undefined\">\n            <img decoding=\"async\" src=\"https:\/\/freevpnplanet.com\/wp-content\/themes\/planetvpn\/assets\/images\/pages\/dns-check\/logo-unprotected.svg\" alt=\"Icon undefined\">\n            <span>Checking&#8230;<\/span>\n          <\/div>\n          <div class=\"dns-propagation__status dns-propagation__status--protected\" id=\"status-protected\">\n            <img decoding=\"async\" src=\"https:\/\/freevpnplanet.com\/wp-content\/themes\/planetvpn\/assets\/images\/pages\/dns-check\/logo-protected.svg\" alt=\"Icon Protected\">\n            <span>DNS sorgular\u0131n\u0131z g\u00fcvende!<\/span>\n          <\/div>\n          <div class=\"dns-propagation__status dns-propagation__status--unprotected\" id=\"status-unprotected\">\n            <img decoding=\"async\" src=\"https:\/\/freevpnplanet.com\/wp-content\/themes\/planetvpn\/assets\/images\/pages\/dns-check\/logo-unprotected.svg\" alt=\"Icon Uprotected\">\n            <span>DNS sorgular\u0131n\u0131z s\u0131zd\u0131r\u0131lm\u0131\u015f olabilir!<\/span>\n          <\/div>\n        <\/div>\n\n        <div class=\"dns-propagation__result\">\n          <span>IP adresi:<\/span>\n          <span class=\"dns-propagation__ip\" id=\"dns-propagation-ip\">XXX.XXX.XX.XX<\/span>\n        <\/div>\n\n                  <div class=\"dns-propagation__final-text\">VPN kullan\u0131yorsan\u0131z, ancak yine de sa\u011flay\u0131c\u0131n\u0131z\u0131n sunucusunun DNS adresini g\u00f6r\u00fcyorsan\u0131z, sistem s\u0131zd\u0131r\u0131lm\u0131\u015ft\u0131r. Kulland\u0131\u011f\u0131n\u0131z DNS sunucular\u0131n\u0131n sahipleri ziyaret etti\u011finiz t\u00fcm web sitelerini g\u00f6rebilir.<\/div>\n        \n      <\/div>\n    <\/div>\n  <\/div>\n\n  <div class=\"tools-hero__menu\"><ul id=\"menu-tools-menu-turkish\" class=\"menu\"><li id=\"menu-item-117485\" class=\"menu-item\"><a id=\"qa-dns-leak-test\" href=\"https:\/\/freevpnplanet.com\/tr\/dns-check\/\">DNS S\u0131z\u0131nt\u0131 Testi<\/a><\/li>\n<li id=\"menu-item-117486\" class=\"menu-item\"><a id=\"qa-webrtc-leak-test\" href=\"https:\/\/freevpnplanet.com\/tr\/web-rtc\/\">WebRTC S\u0131z\u0131nt\u0131 Testi<\/a><\/li>\n<li id=\"menu-item-117519\" class=\"menu-item\"><a id=\"qa-virus-scan\" href=\"https:\/\/freevpnplanet.com\/tr\/virus-scan\/\">Vir\u00fcs tarama<\/a><\/li>\n<li id=\"menu-item-117520\" class=\"menu-item\"><a id=\"qa-what-is-my-ip\" href=\"https:\/\/freevpnplanet.com\/tr\/ip-check\/\">IP Adresim Ne?<\/a><\/li>\n<li id=\"menu-item-117521\" class=\"menu-item\"><a id=\"qa-generate-password\" href=\"https:\/\/freevpnplanet.com\/tr\/password-generator\/\">Password generator<\/a><\/li>\n<\/ul><\/div>\n<\/section>\n\n<section class=\"two-col-content custom-block align-full  rtl ratio-normal image image-visible-on-mobile-yes\" style=''>\n\n    <div class=\"gutenberg-block-background\"><\/div>\n    <div class=\"two-col-content__container inner-container\">\n                    <h2 class=\"two-col-content__title\">DNS SIZINTISI NED\u0130R?<\/h2>\n        \n                    <div class=\"two-col-content__description\"><p>En iyi VPN&#8217;e ba\u011fl\u0131 olsan\u0131z bile, ne yaz\u0131k ki VPN&#8217;in teknik \u00f6zellikleri bilgisayar\u0131n\u0131zdan ya da mobil cihaz\u0131n\u0131zdan gelen DNS sorgular\u0131n\u0131n korunmas\u0131n\u0131 garanti etmez. Bu fakt\u00f6r \u015fifrelenmi\u015f trafi\u011fin g\u00fcvenilirli\u011fine ba\u011fl\u0131 de\u011fildir. E\u011fer DNS s\u0131z\u0131nt\u0131s\u0131 varsa bu, yabanc\u0131lar\u0131n ziyaret etti\u011finiz web kaynaklar\u0131n\u0131, ger\u00e7ekle\u015ftirdi\u011finiz eylemleri ve hangi uygulamalar\u0131 a\u00e7\u0131p ki\u015fisel ama\u00e7larla kulland\u0131\u011f\u0131n\u0131z\u0131 g\u00f6rece\u011fi anlam\u0131na gelir.<\/p>\n<p>DNS, internette yapt\u0131\u011f\u0131n\u0131z t\u00fcm i\u015flemlerle do\u011frudan ilgili olan \u00f6zel bir adres defteri sistemidir. \u00d6rne\u011fin, bir taray\u0131c\u0131 ya da uygulama, istemcinin talep etti\u011fi hizmetler ve siteler aras\u0131nda ard\u0131\u015f\u0131k ba\u011flant\u0131 kurmak i\u00e7in sunucu aramas\u0131 yaparken DNS kullan\u0131r. Cihaz istekleri iletir ve hedef verileri aramak i\u00e7in yan\u0131t talimatlar\u0131 al\u0131r. Sonu\u00e7 olarak, kullan\u0131c\u0131 verilerinin genel gizlilik d\u00fczeyini belirleyen DNS sorgular\u0131d\u0131r ve bunlar bir g\u00fcvenlik riski olu\u015fturabilir. DNS denetimi kolayd\u0131r &#8211; Planet VPN&#8217;e ba\u011flan\u0131n ve kendinizi siber tehditlerden kurtar\u0131n.<\/p><\/div>\n        \n                    <img decoding=\"async\" width=\"436\" height=\"436\" src=\"https:\/\/freevpnplanet.com\/wp-content\/uploads\/2024\/05\/rvpn-dns.8814bf7-20240514_122744_989247.svg\" class=\"two-col-content__image\" alt=\"\" \/>        \n            <\/div>\n<\/section>\n\n\n<section class=\"cta-section custom-block align-full \" style=''>\n\n    <div class=\"gutenberg-block-background\"><\/div>\n    <div class=\"cta-section__inner\">\n                    <div class=\"cta-section__cta\">\n                                    <a href=\"\/tr\/plans\/\" target=\"_self\" id=\"qa-download-free-space\" class=\"cta download-by-platform cta--with-border cta-size--small icon-position--icon-left\" style=\"--button-background-color: var(--green);--button-background-color-hover: var(--green-hover);--button-background-color-pressed: var(--green-pressed);--border-radius:40px\"><span class=\"cta__name\">\u00dccretsiz indirin<\/span><\/a>                            <\/div>\n            <\/div>\n<\/section>\n\n<section class=\"two-col-content custom-block align-full  rtl ratio-normal text image-visible-on-mobile-no\" style='--background-color:var(--background-blue)'>\n\n    <div class=\"gutenberg-block-background\"><\/div>\n    <div class=\"two-col-content__container inner-container\">\n        \n                    <div class=\"two-col-content__description\"><p>Ki\u015fisel bilgisayar\u0131n\u0131zda VPN etkinle\u015ftirilmedi\u011finde, g\u00fcvenlik modundan internet servis sa\u011flay\u0131c\u0131n\u0131z taraf\u0131ndan sa\u011flanan DNS hizmeti sorumludur. Ancak Planet VPN&#8217;e ba\u011fland\u0131\u011f\u0131n\u0131zda, yaln\u0131zca bu hizmetin DNS sunucular\u0131 etkinle\u015ftirilir. Planet VPN eksiksiz bir \u015fekilde korunman\u0131z\u0131 garanti eder ve s\u0131z\u0131nt\u0131 riskleri en aza inmi\u015f olur. Planet VPN&#8217;in DNS sunucular\u0131n\u0131 kullanmak inkar edilemez avantajlar sa\u011flar:<\/p>\n<ul>\n<li>Y\u00fcksek performansl\u0131 Planet VPN DNS sunucular\u0131;<\/li>\n<li>Etkinlik ve ba\u011flant\u0131 kayd\u0131 tutulmas\u0131 ihtimali tamamen ortadan kalkar;<\/li>\n<li>En g\u00fcvenli \u015fifreleme sa\u011flan\u0131r.<\/li>\n<\/ul>\n<p>\u00c7al\u0131\u015fma prensibi \u015fu ad\u0131mlardan olu\u015fur:<\/p>\n<ul>\n<li>\u0130nternette bir sayfa a\u00e7mak istedi\u011finizde, belirli bir istek girersiniz ve ard\u0131ndan hedef linke t\u0131klars\u0131n\u0131z;<\/li>\n<li>Se\u00e7ilen adres, \u015fifreli bir t\u00fcnel arac\u0131l\u0131\u011f\u0131yla DNS sunucusuna g\u00f6nderilir, b\u00f6ylece ilgilendi\u011finiz kayna\u011fa eri\u015fim sa\u011flan\u0131r;<\/li>\n<li>Sunucu bir yan\u0131t al\u0131r ve siteyi a\u00e7mak i\u00e7in kullan\u0131c\u0131ya iletilir.<\/li>\n<\/ul>\n<p>T\u00fcm bu i\u015flemler g\u00fcvenli bir ileti\u015fim kanal\u0131nda ger\u00e7ekle\u015ftirilir, bu nedenle herhangi bir hacklenme veya s\u0131z\u0131nt\u0131 riski yoktur. DNS sunucusunu Planet VPN web sitesinde \u00e7evrimi\u00e7i olarak kontrol edebilirsiniz.<\/p><\/div>\n        \n                                    <h2 class=\"two-col-content__text\">PLANET VPN KULLANARAK DNS SIZINTILARINDAN NASIL KORUNURSUNUZ?<\/h2>\n                    \n                    <div class=\"two-col-content__cta\">\n                            <\/div>\n            <\/div>\n<\/section>\n\n\n<section class=\"image-text-static-image custom-block align-none  mobile-image-bottom   header-size-small text-size-small  pb-0--desktop\" style=''>\n\n    <div class=\"gutenberg-block-background\"><\/div>\n    <div class=\"image-text-static-image__inner inner-container\">\n                    <div class=\"image-text-static-image__content content-left\" style='--content-width: 50%'>\n                \n                <h2>DNS SIZINTILARINI DENETLEMEK HER ZAMAN GEREKL\u0130 M\u0130?<\/h2>\n<p>DNS sunucusunu kontrol etmek, d\u00fczenli olarak yap\u0131lmas\u0131 gereken \u00f6nemli bir g\u00fcvenlik \u00f6nlemidir. Bir VPN hizmeti kullan\u0131yor olsan\u0131z bile, DNS zafiyetinden kaynaklanan bir g\u00fcvenlik riski vard\u0131r. Bir bilgi s\u0131z\u0131nt\u0131s\u0131 ya\u015fan\u0131rsa, buna a\u015fa\u011f\u0131daki ihtimaller e\u015flik eder:<\/p>\n<ol>\n<li>Kullan\u0131c\u0131n\u0131n bilgisayar\u0131 DNS sorgular\u0131n\u0131 Planet VPN t\u00fcneline de\u011fil, genel a\u011fa g\u00f6nderir;<\/li>\n<li>Kullan\u0131c\u0131n\u0131n bilgisayar\u0131 DNS sorgular\u0131n\u0131 Planet VPN t\u00fcneli \u00fczerinden g\u00f6nderir, ancak sorgular korunan ana bilgisayar yerine harici sunucuya ula\u015f\u0131r;<\/li>\n<li>Her iki durumda da \u00fc\u00e7\u00fcnc\u00fc taraflar kullan\u0131c\u0131n\u0131n ziyaret etti\u011fi t\u00fcm siteleri ve i\u015finde kulland\u0131\u011f\u0131 uygulamalar\u0131 ve programlar\u0131 g\u00f6rebilir.<\/li>\n<\/ol>\n                \n                \n\n            <\/div>\n        \n                    <div class=\"bg-image-wrapper bg-image-wrapper--desktop  right image-align--center\" style='--image-max-width: 50%'>\n                <figure>\n                    <img width=\"436\" height=\"436\" src=\"https:\/\/freevpnplanet.com\/wp-content\/uploads\/2024\/05\/rvpn-zoom.0cb093a-20240514_130633_582621.svg\" class=\"attachment-full size-full\" alt=\"\" loading=\"lazy\" decoding=\"sync\" fetchpriority=\"low\" style=\"max-width:440px\" sizes=\"auto, (max-width: 440px) 100vw, 440px\" aria-hidden=\"true\" \/>                    <!-- <img decoding=\"async\" width=\"436\" height=\"436\" src=\"https:\/\/freevpnplanet.com\/wp-content\/uploads\/2024\/05\/rvpn-zoom.0cb093a-20240514_130633_582621.svg\" class=\"attachment-full size-full\" alt=\"\" style=\"max-width:440px\" \/> -->\n                <\/figure>\n            <\/div>\n        \n            <\/div>\n<\/section>\n\n\n<section class=\"image-text-static-image custom-block align-none  mobile-image-bottom   header-size-small text-size-small  pb-0--desktop\" style=''>\n\n    <div class=\"gutenberg-block-background\"><\/div>\n    <div class=\"image-text-static-image__inner inner-container\">\n                    <div class=\"image-text-static-image__content content-right\" style='--content-width: 50%'>\n                \n                <h2>VPN ETK\u0130N OLMASINA RA\u011eMEN NEDEN DNS SIZINTISI MEYDANA GEL\u0130R?<\/h2>\n<p>S\u00fcrekli olarak kulland\u0131\u011f\u0131n\u0131z bir VPN hizmeti olsa bile DNS s\u0131z\u0131nt\u0131lar\u0131 meydana gelebilir. DNS s\u0131z\u0131nt\u0131lar\u0131n\u0131n en yayg\u0131n nedenleri \u015funlard\u0131r:<\/p>\n<ol>\n<li>VPN a\u011f\u0131n\u0131n manuel olarak kurulmas\u0131 \u2013 Bu durum bilgilerin ve ki\u015fisel verilerin s\u0131zmas\u0131 riskini \u00f6nemli \u00f6l\u00e7\u00fcde art\u0131r\u0131r ve kullan\u0131c\u0131 bilgisayar\u0131n\u0131n i\u015fletim sisteminin konfig\u00fcrasyonuna \u00f6zg\u00fc bir fakt\u00f6r ekler. Planet VPN\u2019e ba\u011flan\u0131rsan\u0131z, bu t\u00fcr sorunlar ortadan kalkar ve bilgisayar\u0131n\u0131za tam koruma sa\u011flan\u0131r;<\/li>\n<li>Sald\u0131rganlar\u0131n y\u00f6nlendiricinizin kontol\u00fcn\u00fc ele ge\u00e7irmesi ve bunun sonucunda PC\u2019nizden gelen isteklerin \u015fifrelenmi\u015f bir t\u00fcnele de\u011fil genel a\u011fa g\u00f6nderilmesi \u2013 Bu durum genellikle halka a\u00e7\u0131k Wi-Fi a\u011flar\u0131n\u0131 (al\u0131\u015fveri\u015f merkezi, spor kl\u00fcb\u00fc, kafe, park, vb.) kulland\u0131\u011f\u0131n\u0131zda ya\u015fan\u0131r. T\u00fcm riskleri ve olas\u0131 g\u00fcvenlik a\u00e7\u0131klar\u0131n\u0131 ortadan kald\u0131rmak i\u00e7in Planet VPN hizmetini kullanman\u0131z yeterlidir;<\/li>\n<li>DNS manuel olarak ayarland\u0131ysa ve ba\u011flant\u0131y\u0131 Planet VPN sunucusu \u00fczerinden kullanmama komutu etkinle\u015ftirildiyse \u2013 Deneyimli bir kullan\u0131c\u0131 olsan\u0131z bile b\u00f6yle bir durum bilgisayar\u0131n\u0131z\u0131n genel siber g\u00fcvenli\u011fini olumsuz etkileyece\u011fi i\u00e7in ka\u00e7\u0131nmak en do\u011fru se\u00e7enek olacakat\u0131r.<\/li>\n<\/ol>\n                \n                \n\n            <\/div>\n        \n                    <div class=\"bg-image-wrapper bg-image-wrapper--desktop  left image-align--center\" style='--image-max-width: 50%'>\n                <figure>\n                    <img width=\"436\" height=\"436\" src=\"https:\/\/freevpnplanet.com\/wp-content\/uploads\/2024\/05\/rvpn-virus.9f94f39-20240514_130630_667594.svg\" class=\"attachment-full size-full\" alt=\"\" loading=\"lazy\" decoding=\"sync\" fetchpriority=\"low\" style=\"max-width:440px\" sizes=\"auto, (max-width: 440px) 100vw, 440px\" aria-hidden=\"true\" \/>                    <!-- <img decoding=\"async\" width=\"436\" height=\"436\" src=\"https:\/\/freevpnplanet.com\/wp-content\/uploads\/2024\/05\/rvpn-virus.9f94f39-20240514_130630_667594.svg\" class=\"attachment-full size-full\" alt=\"\" style=\"max-width:440px\" \/> -->\n                <\/figure>\n            <\/div>\n        \n            <\/div>\n<\/section>\n\n\n<section class=\"wrapper custom-block align-none    \" style=''>\n\n    <div class=\"gutenberg-block-background\"><\/div>\n    <div class=\"wrapper__inner inner-container\">\n        \n\n<div class=\"buttons custom-block align-center \">\n                        <a href=\"\/tr\/plans\/\" target=\"_self\" id=\"qa-download-free-info\" class=\"cta download-by-platform cta--with-border cta-size--small cta-mt--initial icon-position--icon-left\" style=\"--border-radius:40px\"><span class=\"cta__name\">\u00dccretsiz indirin<\/span><\/a>            <\/div>\n\n    <\/div>\n\n<\/section>","protected":false},"excerpt":{"rendered":"","protected":false},"author":13,"featured_media":0,"parent":0,"menu_order":0,"comment_status":"closed","ping_status":"closed","template":"templates\/page_template-basic_for_gutenberg.php","meta":{"_acf_changed":false,"inline_featured_image":false,"footnotes":""},"download_by_lite_tag":[],"class_list":["post-97810","page","type-page","status-publish","hentry"],"yoast_head":"<!-- This site is optimized with the Yoast SEO plugin v22.6 - https:\/\/yoast.com\/wordpress\/plugins\/seo\/ -->\n<title>DNS s\u0131z\u0131nt\u0131lar\u0131n\u0131 denetleyin ve verilerinizi koruyun<\/title>\n<meta name=\"description\" content=\"DNS s\u0131z\u0131nt\u0131s\u0131 varsa, istekleriniz \u015fifrelenmi\u015f bir VPN t\u00fcneli \u00fczerinden g\u00f6nderilir. VPN&#039;inizde ger\u00e7ek konumunuzu g\u00f6steren bir DNS s\u0131z\u0131nt\u0131s\u0131 olup olmad\u0131\u011f\u0131n\u0131 kontrol edin. Planet VPN ile tam gizlilik ve DNS s\u0131z\u0131nt\u0131s\u0131na kar\u015f\u0131 koruma sa\u011flan\u0131r.\" \/>\n<meta name=\"robots\" content=\"index, follow, max-snippet:-1, max-image-preview:large, max-video-preview:-1\" \/>\n<link rel=\"canonical\" href=\"https:\/\/freevpnplanet.com\/tr\/dns-check\/\" \/>\n<meta property=\"og:locale\" content=\"tr_TR\" \/>\n<meta property=\"og:type\" content=\"article\" \/>\n<meta property=\"og:title\" content=\"DNS s\u0131z\u0131nt\u0131lar\u0131n\u0131 denetleyin ve verilerinizi koruyun\" \/>\n<meta property=\"og:description\" content=\"DNS s\u0131z\u0131nt\u0131s\u0131 varsa, istekleriniz \u015fifrelenmi\u015f bir VPN t\u00fcneli \u00fczerinden g\u00f6nderilir. VPN&#039;inizde ger\u00e7ek konumunuzu g\u00f6steren bir DNS s\u0131z\u0131nt\u0131s\u0131 olup olmad\u0131\u011f\u0131n\u0131 kontrol edin. Planet VPN ile tam gizlilik ve DNS s\u0131z\u0131nt\u0131s\u0131na kar\u015f\u0131 koruma sa\u011flan\u0131r.\" \/>\n<meta property=\"og:url\" content=\"https:\/\/freevpnplanet.com\/tr\/dns-check\/\" \/>\n<meta property=\"og:site_name\" content=\"Planet VPN\" \/>\n<meta property=\"article:modified_time\" content=\"2024-11-28T10:01:10+00:00\" \/>\n<meta name=\"twitter:card\" content=\"summary_large_image\" \/>\n<script type=\"application\/ld+json\" class=\"yoast-schema-graph\">{\"@context\":\"https:\/\/schema.org\",\"@graph\":[{\"@type\":\"WebPage\",\"@id\":\"https:\/\/freevpnplanet.com\/tr\/dns-check\/\",\"url\":\"https:\/\/freevpnplanet.com\/tr\/dns-check\/\",\"name\":\"DNS s\u0131z\u0131nt\u0131lar\u0131n\u0131 denetleyin ve verilerinizi koruyun\",\"isPartOf\":{\"@id\":\"https:\/\/freevpnplanet.com\/tr\/#website\"},\"datePublished\":\"2024-05-13T17:27:17+00:00\",\"dateModified\":\"2024-11-28T10:01:10+00:00\",\"description\":\"DNS s\u0131z\u0131nt\u0131s\u0131 varsa, istekleriniz \u015fifrelenmi\u015f bir VPN t\u00fcneli \u00fczerinden g\u00f6nderilir. VPN'inizde ger\u00e7ek konumunuzu g\u00f6steren bir DNS s\u0131z\u0131nt\u0131s\u0131 olup olmad\u0131\u011f\u0131n\u0131 kontrol edin. Planet VPN ile tam gizlilik ve DNS s\u0131z\u0131nt\u0131s\u0131na kar\u015f\u0131 koruma sa\u011flan\u0131r.\",\"breadcrumb\":{\"@id\":\"https:\/\/freevpnplanet.com\/tr\/dns-check\/#breadcrumb\"},\"inLanguage\":\"tr\",\"potentialAction\":[{\"@type\":\"ReadAction\",\"target\":[\"https:\/\/freevpnplanet.com\/tr\/dns-check\/\"]}]},{\"@type\":\"BreadcrumbList\",\"@id\":\"https:\/\/freevpnplanet.com\/tr\/dns-check\/#breadcrumb\",\"itemListElement\":[{\"@type\":\"ListItem\",\"position\":1,\"name\":\"Home\",\"item\":\"https:\/\/freevpnplanet.com\/tr\/\"},{\"@type\":\"ListItem\",\"position\":2,\"name\":\"DNS check\"}]},{\"@type\":\"WebSite\",\"@id\":\"https:\/\/freevpnplanet.com\/tr\/#website\",\"url\":\"https:\/\/freevpnplanet.com\/tr\/\",\"name\":\"Planet VPN \ud83d\udee1\ufe0f\ud83c\udf10 Free VPN\",\"description\":\"Free VPN\",\"potentialAction\":[{\"@type\":\"SearchAction\",\"target\":{\"@type\":\"EntryPoint\",\"urlTemplate\":\"https:\/\/freevpnplanet.com\/tr\/?s={search_term_string}\"},\"query-input\":\"required name=search_term_string\"}],\"inLanguage\":\"tr\",\"publisher\":{\"@id\":\"https:\/\/freevpnplanet.com\/tr\/#organization\"}},{\"@context\":\"https:\/\/schema.org\/\",\"@type\":\"SoftwareApplication\",\"name\":\"Planet VPN \ud83d\udee1\ufe0f\ud83c\udf10 Free VPN\",\"operatingSystem\":\"Windows, macOS, iOS, Android, Linux, Chrome\",\"applicationCategory\":\"SecurityApplication\",\"offers\":{\"@type\":\"AggregateOffer\",\"priceCurrency\":\"USD\",\"price\":\"0\",\"lowPrice\":\"0\",\"availability\":\"https:\/\/schema.org\/InStock\"},\"aggregateRating\":{\"@type\":\"AggregateRating\",\"ratingValue\":\"4.8\",\"bestRating\":\"5\",\"ratingCount\":\"12476\"}},{\"@type\":\"Organization\",\"@id\":\"https:\/\/freevpnplanet.com\/tr\/#organization\",\"url\":\"https:\/\/freevpnplanet.com\/tr\/\",\"name\":\"Planet VPN \ud83d\udee1\ufe0f\ud83c\udf10 Free VPN\"}]}<\/script>\n<!-- \/ Yoast SEO plugin. -->","yoast_head_json":{"title":"DNS s\u0131z\u0131nt\u0131lar\u0131n\u0131 denetleyin ve verilerinizi koruyun","description":"DNS s\u0131z\u0131nt\u0131s\u0131 varsa, istekleriniz \u015fifrelenmi\u015f bir VPN t\u00fcneli \u00fczerinden g\u00f6nderilir. VPN'inizde ger\u00e7ek konumunuzu g\u00f6steren bir DNS s\u0131z\u0131nt\u0131s\u0131 olup olmad\u0131\u011f\u0131n\u0131 kontrol edin. Planet VPN ile tam gizlilik ve DNS s\u0131z\u0131nt\u0131s\u0131na kar\u015f\u0131 koruma sa\u011flan\u0131r.","robots":{"index":"index","follow":"follow","max-snippet":"max-snippet:-1","max-image-preview":"max-image-preview:large","max-video-preview":"max-video-preview:-1"},"canonical":"https:\/\/freevpnplanet.com\/tr\/dns-check\/","og_locale":"tr_TR","og_type":"article","og_title":"DNS s\u0131z\u0131nt\u0131lar\u0131n\u0131 denetleyin ve verilerinizi koruyun","og_description":"DNS s\u0131z\u0131nt\u0131s\u0131 varsa, istekleriniz \u015fifrelenmi\u015f bir VPN t\u00fcneli \u00fczerinden g\u00f6nderilir. VPN'inizde ger\u00e7ek konumunuzu g\u00f6steren bir DNS s\u0131z\u0131nt\u0131s\u0131 olup olmad\u0131\u011f\u0131n\u0131 kontrol edin. Planet VPN ile tam gizlilik ve DNS s\u0131z\u0131nt\u0131s\u0131na kar\u015f\u0131 koruma sa\u011flan\u0131r.","og_url":"https:\/\/freevpnplanet.com\/tr\/dns-check\/","og_site_name":"Planet VPN","article_modified_time":"2024-11-28T10:01:10+00:00","twitter_card":"summary_large_image","schema":{"@context":"https:\/\/schema.org","@graph":[{"@type":"WebPage","@id":"https:\/\/freevpnplanet.com\/tr\/dns-check\/","url":"https:\/\/freevpnplanet.com\/tr\/dns-check\/","name":"DNS s\u0131z\u0131nt\u0131lar\u0131n\u0131 denetleyin ve verilerinizi koruyun","isPartOf":{"@id":"https:\/\/freevpnplanet.com\/tr\/#website"},"datePublished":"2024-05-13T17:27:17+00:00","dateModified":"2024-11-28T10:01:10+00:00","description":"DNS s\u0131z\u0131nt\u0131s\u0131 varsa, istekleriniz \u015fifrelenmi\u015f bir VPN t\u00fcneli \u00fczerinden g\u00f6nderilir. VPN'inizde ger\u00e7ek konumunuzu g\u00f6steren bir DNS s\u0131z\u0131nt\u0131s\u0131 olup olmad\u0131\u011f\u0131n\u0131 kontrol edin. Planet VPN ile tam gizlilik ve DNS s\u0131z\u0131nt\u0131s\u0131na kar\u015f\u0131 koruma sa\u011flan\u0131r.","breadcrumb":{"@id":"https:\/\/freevpnplanet.com\/tr\/dns-check\/#breadcrumb"},"inLanguage":"tr","potentialAction":[{"@type":"ReadAction","target":["https:\/\/freevpnplanet.com\/tr\/dns-check\/"]}]},{"@type":"BreadcrumbList","@id":"https:\/\/freevpnplanet.com\/tr\/dns-check\/#breadcrumb","itemListElement":[{"@type":"ListItem","position":1,"name":"Home","item":"https:\/\/freevpnplanet.com\/tr\/"},{"@type":"ListItem","position":2,"name":"DNS check"}]},{"@type":"WebSite","@id":"https:\/\/freevpnplanet.com\/tr\/#website","url":"https:\/\/freevpnplanet.com\/tr\/","name":"Planet VPN \ud83d\udee1\ufe0f\ud83c\udf10 Free VPN","description":"Free VPN","potentialAction":[{"@type":"SearchAction","target":{"@type":"EntryPoint","urlTemplate":"https:\/\/freevpnplanet.com\/tr\/?s={search_term_string}"},"query-input":"required name=search_term_string"}],"inLanguage":"tr","publisher":{"@id":"https:\/\/freevpnplanet.com\/tr\/#organization"}},{"@context":"https:\/\/schema.org\/","@type":"SoftwareApplication","name":"Planet VPN \ud83d\udee1\ufe0f\ud83c\udf10 Free VPN","operatingSystem":"Windows, macOS, iOS, Android, Linux, Chrome","applicationCategory":"SecurityApplication","offers":{"@type":"AggregateOffer","priceCurrency":"USD","price":"0","lowPrice":"0","availability":"https:\/\/schema.org\/InStock"},"aggregateRating":{"@type":"AggregateRating","ratingValue":"4.8","bestRating":"5","ratingCount":"12476"}},{"@type":"Organization","@id":"https:\/\/freevpnplanet.com\/tr\/#organization","url":"https:\/\/freevpnplanet.com\/tr\/","name":"Planet VPN \ud83d\udee1\ufe0f\ud83c\udf10 Free VPN"}]}},"acf":[],"_links":{"self":[{"href":"https:\/\/freevpnplanet.com\/tr\/wp-json\/wp\/v2\/pages\/97810","targetHints":{"allow":["GET"]}}],"collection":[{"href":"https:\/\/freevpnplanet.com\/tr\/wp-json\/wp\/v2\/pages"}],"about":[{"href":"https:\/\/freevpnplanet.com\/tr\/wp-json\/wp\/v2\/types\/page"}],"author":[{"embeddable":true,"href":"https:\/\/freevpnplanet.com\/tr\/wp-json\/wp\/v2\/users\/13"}],"replies":[{"embeddable":true,"href":"https:\/\/freevpnplanet.com\/tr\/wp-json\/wp\/v2\/comments?post=97810"}],"version-history":[{"count":1,"href":"https:\/\/freevpnplanet.com\/tr\/wp-json\/wp\/v2\/pages\/97810\/revisions"}],"predecessor-version":[{"id":133668,"href":"https:\/\/freevpnplanet.com\/tr\/wp-json\/wp\/v2\/pages\/97810\/revisions\/133668"}],"wp:attachment":[{"href":"https:\/\/freevpnplanet.com\/tr\/wp-json\/wp\/v2\/media?parent=97810"}],"wp:term":[{"taxonomy":"download_by_lite_tag","embeddable":true,"href":"https:\/\/freevpnplanet.com\/tr\/wp-json\/wp\/v2\/download_by_lite_tag?post=97810"}],"curies":[{"name":"wp","href":"https:\/\/api.w.org\/{rel}","templated":true}]}}