{"id":98512,"date":"2024-06-03T19:16:22","date_gmt":"2024-06-03T16:16:22","guid":{"rendered":"https:\/\/help.freeplanetvpn.com\/virus-scan\/"},"modified":"2026-02-12T13:54:29","modified_gmt":"2026-02-12T10:54:29","slug":"virus-scan","status":"publish","type":"page","link":"https:\/\/freevpnplanet.com\/tr\/virus-scan\/","title":{"rendered":"Virus scan"},"content":{"rendered":"\n<section class=\"virus-scan-hero\">\n  <div class=\"virus-scan-hero__inner container\">\n    <div class=\"virus-scan\">\n\n              <h1 class=\"virus-scan__title\">\u00dccretsiz \u00c7evrimi\u00e7i Vir\u00fcs Taramas\u0131 &#8211; Dosya veya URL<\/h1>\n      \n              <div class=\"virus-scan__text\"><p>Planet VPN hizmeti, t\u00fcm \u015f\u00fcpheli dosyalar\u0131 ve adres ba\u011flant\u0131lar\u0131n\u0131 h\u0131zl\u0131 bir \u015fekilde analiz etmek, olas\u0131 tehditleri, vir\u00fcslerin ve k\u00f6t\u00fc ama\u00e7l\u0131 nesnelerin varl\u0131\u011f\u0131n\u0131 belirlemek i\u00e7in etkili ve faydal\u0131 bir \u00e7\u00f6z\u00fcmd\u00fcr. Planet VPN&#8217;den vir\u00fcs taramas\u0131 &#8211; g\u00fcvenli, g\u00fcvenilir ve h\u0131zl\u0131d\u0131r.<\/p><\/div>\n      \n      <div class=\"virus-scan__content\">\n        <div class=\"virus-scan__tab\">\n\n          <button class=\"virus-scan__tab-button virus-scan__tab-button--selected\" id=\"qa-file-tab\" data-tab=\"file\">\n            <img decoding=\"async\" src=\"\/wp-content\/themes\/planetvpn\/assets\/images\/pages\/virus-scan\/doc.svg\" alt=\"document icon\" >\n            Dosya          <\/button>\n\n          <button class=\"virus-scan__tab-button\" id=\"qa-url-tab\" data-tab=\"url\">\n            <img decoding=\"async\" src=\"\/wp-content\/themes\/planetvpn\/assets\/images\/pages\/virus-scan\/file.svg\" alt=\"file icon\" >\n            Url          <\/button>\n\n          <form name=\"virus-scan-file-form\" method=\"post\" class=\"virus-scan__form virus-scan__form--active\" data-target-tab=\"file\">\n            <div class=\"virus-scan__form-group\">\n              <label class=\"virus-scan__label\">\n                <span>Dosya se\u00e7<\/span>\n                <u class=\"virus-scan__filename-inner\">Dosya se\u00e7ilmedi<\/u>\n                <input type=\"file\" name=\"file_upload\" class=\"virus-scan__input-file\" id=\"qa-upload-field\" required \/>\n              <\/label>\n\n              <button type=\"submit\" class=\"virus-scan__submit-button\">\n                <img decoding=\"async\" src=\"\/wp-content\/themes\/planetvpn\/assets\/images\/pages\/virus-scan\/dow.svg\" alt=\"download icon\" >\n              <\/button>\n            <\/div>\n\n            <div class=\"virus-scan__results\"><\/div>\n\n            <button id=\"qa-scan-button\" type=\"submit\" class=\"cta CTA main-btn-file\">\n              <span>Kontrol et<\/span>\n            <\/button>\n          <\/form>\n\n          <form name=\"virus-scan-url-form\" method=\"post\" class=\"virus-scan__form\" data-target-tab=\"url\">\n            <div class=\"virus-scan__form-group\">\n              <label class=\"virus-scan__label\">\n                <span>Url<\/span>\n                <input type=\"url\" name=\"url_input\" class=\"virus-scan__input-url\" required \/>\n              <\/label>\n\n              <button type=\"submit\" class=\"virus-scan__submit-button\">\n                <img decoding=\"async\" src=\"\/wp-content\/themes\/planetvpn\/assets\/images\/pages\/virus-scan\/dow.svg\" alt=\"download icon\" >\n              <\/button>\n            <\/div>\n\n            <div class=\"virus-scan__results\"><\/div>\n\n            <button id=\"main-btn-url\" type=\"submit\" class=\"cta CTA\">\n              <span>Kontrol et<\/span>\n            <\/button>\n          <\/form>\n        <\/div>\n      <\/div>\n    <\/div>\n  <\/div>\n\n  <div class=\"virus-scan-hero__menu\"><ul id=\"menu-tools-menu-turkish\" class=\"menu\"><li id=\"menu-item-117485\" class=\"menu-item\"><a id=\"qa-dns-leak-test\" href=\"https:\/\/freevpnplanet.com\/tr\/dns-check\/\">DNS S\u0131z\u0131nt\u0131 Testi<\/a><\/li>\n<li id=\"menu-item-117486\" class=\"menu-item\"><a id=\"qa-webrtc-leak-test\" href=\"https:\/\/freevpnplanet.com\/tr\/web-rtc\/\">WebRTC S\u0131z\u0131nt\u0131 Testi<\/a><\/li>\n<li id=\"menu-item-117519\" class=\"menu-item\"><a id=\"qa-virus-scan\" href=\"https:\/\/freevpnplanet.com\/tr\/virus-scan\/\">Vir\u00fcs tarama<\/a><\/li>\n<li id=\"menu-item-117520\" class=\"menu-item\"><a id=\"qa-what-is-my-ip\" href=\"https:\/\/freevpnplanet.com\/tr\/ip-check\/\">IP Adresim Ne?<\/a><\/li>\n<li id=\"menu-item-117521\" class=\"menu-item\"><a id=\"qa-generate-password\" href=\"https:\/\/freevpnplanet.com\/tr\/password-generator\/\">Password generator<\/a><\/li>\n<\/ul><\/div>\n<\/section>\n\n<section class=\"two-col-content custom-block align-full  rtl ratio-normal text image-visible-on-mobile-no\" style='--background-color:var(--background-blue)'>\n\n    <div class=\"gutenberg-block-background\"><\/div>\n    <div class=\"two-col-content__container inner-container\">\n        \n                    <div class=\"two-col-content__description\"><p>Bilgisayar kullan\u0131c\u0131lar\u0131na y\u00f6nelik en b\u00fcy\u00fck tehditler; siteleri ziyaret etti\u011fimizde, reklam afi\u015flerini a\u00e7t\u0131\u011f\u0131m\u0131zda, ek ileti\u015fim kutular\u0131na t\u0131klad\u0131\u011f\u0131m\u0131zda ya da dosya ve torrent indirdi\u011fimizde internette beklemektedir. \u00d6zellikle cihaz\u0131n\u0131zda antivir\u00fcs korumas\u0131 veya VPN etkin de\u011filse, bilgisayar\u0131n\u0131zda k\u00f6t\u00fc ama\u00e7l\u0131 bir nesnenin ne zaman g\u00f6r\u00fcnece\u011fini asla bilemezsiniz.<\/p>\n<p>Bug\u00fcne dek, sistemi bozmakla ya da hacker sald\u0131r\u0131lar\u0131yla tehdit eden internet tehlikeleri aras\u0131nda \u015funlar \u00f6ne \u00e7\u0131kmaktad\u0131r:<\/p>\n<ul>\n<li>Trojan vir\u00fcsleri;<\/li>\n<li>Y\u00fckleme nesneleri;<\/li>\n<li>DNS sald\u0131r\u0131lar\u0131 ve bilgi s\u0131z\u0131nt\u0131lar\u0131.<\/li>\n<\/ul>\n<p>\u0130nternet&#8217;te gezinirken herhangi bir dosya indirmezseniz bile, yine de b\u00fcy\u00fck bir risk alt\u0131ndas\u0131n\u0131z, \u00e7\u00fcnk\u00fc a\u015fa\u011f\u0131daki nedenlerle g\u00fcvenlik ihlali olas\u0131l\u0131\u011f\u0131 \u00e7ok y\u00fcksek olacakt\u0131r:<\/p>\n<ul>\n<li>A\u011f \u00fczerinden aktar\u0131l\u0131rken verilerin \u00e7al\u0131nmas\u0131;<\/li>\n<li>\u00dclkenizdeki veya b\u00f6lgenizdeki engellemeler ve k\u0131s\u0131tlamalar;<\/li>\n<li>Sizi \u015fa\u015f\u0131rtmaya ve tehlikeye atmaya \u00e7al\u0131\u015fan spam g\u00f6nderenler.<\/li>\n<\/ul><\/div>\n        \n                                    <h2 class=\"two-col-content__text\">PC\u2019N\u0130ZDE V\u0130R\u00dcS DENET\u0130M\u0130 YAPMAK NEDEN \u00d6NEML\u0130D\u0130R?<\/h2>\n                    \n            <\/div>\n<\/section>\n\n\n<div class=\"container-box custom-block align-full \" style='--background-color:var(--dark-blue-0); --text-color:var(--white)'>\n\n    <div class=\"gutenberg-block-background\"><img decoding=\"async\" width=\"1366\" height=\"312\" src=\"https:\/\/freevpnplanet.com\/wp-content\/uploads\/2024\/05\/rvpn-galactic.8e29189-20240514_122917_086039.svg\" class=\"gutenberg-block-background__image-desktop background-image\" alt=\"bg-image-desktop\" title=\"bg-image-desktop\" \/><img decoding=\"async\" width=\"1366\" height=\"312\" src=\"https:\/\/freevpnplanet.com\/wp-content\/uploads\/2024\/05\/rvpn-galactic.8e29189-20240514_122917_086039.svg\" class=\"gutenberg-block-background__image-mobile background-image\" alt=\"bg-image-mobile\" title=\"bg-image-mobile\" \/><\/div>\n    <div class=\"container-box__inner inner-container\">\n        \n\n<div class=\"buttons custom-block align-center \">\n                        <a href=\"\/tr\/plans\/\" target=\"_self\" id=\"qa-download-free-space\" class=\"cta download-by-platform cta--with-border cta-size--small cta-mt--initial icon-position--icon-left\" style=\"--border-radius:40px\"><span class=\"cta__name\">\u00dccretsiz indirin<\/span><\/a>            <\/div>\n\n    <\/div>\n\n<\/div>\n\n\n\n<section class=\"image-text custom-block align-none   mobile-image-bottom mobile-title-center  header-size-medium text-size-small   content-right\" style='overflow: hidden;;;--min-height-mobile:400px;--min-height-desktop:600px;--content-width:50%'>\n\n    <div class=\"gutenberg-block-background\"><\/div>\n    <div class=\"image-text__inner inner-container\">\n\n        \n                    <div class=\"image-text__content\">\n\n                <h2>V\u0130R\u00dcS KONTROL\u00dc NE ZAMAN YAPILIR?<\/h2>\n\n\n\n<p>\u0130nternette gezinirken ziyaret etti\u011finiz web sitesinin g\u00fcvenli\u011fi her kullan\u0131c\u0131 i\u00e7in \u00f6nemli bir fakt\u00f6rd\u00fcr. Peki gitmeniz gereken web kayna\u011f\u0131n\u0131n ve alaca\u011f\u0131n\u0131z hedef bilginin vir\u00fcs i\u00e7ermedi\u011finden ve tehdit olu\u015fturmad\u0131\u011f\u0131ndan nas\u0131l emin olabilirsiniz? Bu durum web sitesi i\u00e7in de \u00f6nemlidir, \u00e7\u00fcnk\u00fc sitenin g\u00fcvenilirli\u011fini ve derecelendirmesini etkiler.<\/p>\n<ol>\n<li>Antivir\u00fcs yaz\u0131l\u0131m\u0131n\u0131z potansiyel olarak tehlikeli bir web sitesini engellediyse;<\/li>\n<li>Hi\u00e7bir sebep yokken ba\u015fka bir web sitesine y\u00f6nlendiriliyorsan\u0131z;<\/li>\n<li>Web sitesinin trafi\u011fi \u00f6nemli \u00f6l\u00e7\u00fcde azald\u0131ysa;<\/li>\n<li>Di\u011fer kullan\u0131c\u0131lardan bir vir\u00fcs uyar\u0131s\u0131 al\u0131nd\u0131ysa;<\/li>\n<li>Hosting sa\u011flay\u0131c\u0131s\u0131 e-postalar\u0131 engellediyse.<\/li>\n<\/ol>\n<p>Planet VPN hizmeti, herhangi bir web kayna\u011f\u0131nda a\u015fa\u011f\u0131dakilerin varl\u0131\u011f\u0131n\u0131 kontrol etmek i\u00e7in h\u0131zl\u0131 bir \u00e7evrimi\u00e7i vir\u00fcs taramas\u0131 ger\u00e7ekle\u015ftirmenize olanak tan\u0131r:<\/p>\n<ol>\n<li>Zararl\u0131 kodlar;<\/li>\n<li>Solucanlar;<\/li>\n<li>Trojan programlar\u0131;<\/li>\n<li>Di\u011fer zararl\u0131 nesneler.<\/li>\n<\/ol>\n<p>Kullan\u0131c\u0131n\u0131n gizlili\u011fini korumak i\u00e7in VPN, a\u015fa\u011f\u0131daki tehlikeleri arar ve ortadan kald\u0131r\u0131r:<\/p>\n<p><a id=\"qa-dns-link\" class=\"\" href=\"https:\/\/freevpnplanet.com\/tr\/dns-check\/\">DNS S\u0131z\u0131nt\u0131 Testi<\/a><br \/><a id=\"qa-ip-address-link\" href=\"https:\/\/freevpnplanet.com\/tr\/ip-check\/\">IP adresi kontrol\u00fc<\/a><\/p>\n                \n            <\/div>\n        \n                    <div class=\"bg-image-wrapper bg-image-wrapper--desktop left image-align--center\">\n                <figure style='--image-max-width:437px;--image-opacity:1.00;width: calc(50% - 20px)'>\n                    <img decoding=\"async\" width=\"436\" height=\"436\" src=\"https:\/\/freevpnplanet.com\/wp-content\/uploads\/2024\/05\/rvpn-virus.b86bc7a1-20240528_152401_495798.svg\" class=\"bg-image\" alt=\"Background Image for Desktop\" \/>                <\/figure>\n            <\/div>\n        \n                    <div class=\"bg-image-wrapper bg-image-wrapper--mobile regular-image\">\n                <figure style='width: 100%;max-width: 480px;opacity: 1.00;margin-top: 24px'>\n                    <img decoding=\"async\" width=\"436\" height=\"436\" src=\"https:\/\/freevpnplanet.com\/wp-content\/uploads\/2024\/05\/rvpn-virus.b86bc7a1-20240528_152401_495798.svg\" class=\"bg-image\" alt=\"Background Image for Mobile\" \/>                <\/figure>\n            <\/div>\n            <\/div>\n<\/section>\n\n<section class=\"two-col-content custom-block align-full  rtl ratio-normal text image-visible-on-mobile-no\" style='--background-color:var(--background-blue)'>\n\n    <div class=\"gutenberg-block-background\"><\/div>\n    <div class=\"two-col-content__container inner-container\">\n        \n                    <div class=\"two-col-content__description\"><p>Bilgisayar\u0131n\u0131z veya mobil cihaz\u0131n\u0131z korunurken, i\u015fletim sisteminize yap\u0131lan sald\u0131r\u0131lardan ve g\u00fcvenlik risklerinden korkman\u0131za gerek yoktur. Ancak, yaln\u0131zca y\u00fczeysel g\u00fcvenlikten sorumlu olan anti-vir\u00fcs yaz\u0131l\u0131m\u0131n\u0131 kullanmak yeterli de\u011fildir. Planet VPN&#8217;in \u00e7al\u0131\u015fma prensibi, yaln\u0131zca kullan\u0131c\u0131n\u0131n ger\u00e7ek IP adresini gizlemekle kalmay\u0131p, ayn\u0131 zamanda bilgi trafi\u011finin tamamen \u015fifrelenmesini de sa\u011flayacak \u015fekilde tasarlanm\u0131\u015ft\u0131r. \u015e\u00fcpheli veya tehlikeli siteleri ziyaret etmekten ka\u00e7\u0131nmak i\u00e7in vir\u00fcs tarama i\u015flevini veya URL vir\u00fcs taramas\u0131n\u0131 ayr\u0131 olarak kullanabilir ve kendi g\u00fcvenli\u011finizi sa\u011flayabilirsiniz.<\/p>\n<p>Planet VPN&#8217;in \u00e7evrimi\u00e7i vir\u00fcs taray\u0131c\u0131s\u0131, interneti kullan\u0131rken kullan\u0131c\u0131 verileri ve cihaz i\u00e7in tam koruma ve gizlilik sa\u011flar. Trafi\u011finiz \u015fifrelenerek g\u00fcvenli bir t\u00fcnele y\u00f6nlendirilir &#8211; bu, a\u011f \u00fczerinden iletilen verilerinizin g\u00fcvenli\u011fi garanti eden \u00f6zel bir teknolojidir. VPN&#8217;i etkinle\u015ftirdi\u011finizde vir\u00fcs sald\u0131r\u0131lar\u0131ndan endi\u015felenmenize gerek kalmaz ve hedeflenen siteleri ziyaret ederken rahat\u00e7a gezinebilirsiniz.<\/p>\n<p>Bilgisayar\u0131n\u0131za \u00e7oklu koruma sa\u011flamak ve a\u011f\u0131n\u0131zdaki siber g\u00fcvenlik konusunda endi\u015felenmemek i\u00e7in antivir\u00fcs yaz\u0131l\u0131m\u0131 ile birlikte anonim mod olu\u015fturan bir sanal \u00f6zel a\u011f kullan\u0131n.<\/p><\/div>\n        \n                                    <h2 class=\"two-col-content__text\">PLANET VPN \u0130LE B\u0130R WEBS\u0130TES\u0130NDE \u00c7EVR\u0130M\u0130\u00c7\u0130 V\u0130R\u00dcS TARAMASI NASIL YAPILIR?<\/h2>\n                    \n            <\/div>\n<\/section>\n\n\n<section class=\"image-text custom-block align-full   mobile-image-bottom mobile-title-center  header-size-medium text-size-small   content-right\" style='overflow: hidden;;;--min-height-mobile:400px;--min-height-desktop:600px;--content-width:60%'>\n\n    <div class=\"gutenberg-block-background\"><\/div>\n    <div class=\"image-text__inner inner-container\">\n\n        \n                    <div class=\"image-text__content\">\n\n                <h2>TELEFONUNUZU V\u0130R\u00dcSLERDEN NASIL KORURSUNUZ &#8211; G\u00dcVENL\u0130K \u00d6NLEMLER\u0130<\/h2>\n\n\n\n<p>Ak\u0131ll\u0131 telefonlar masa\u00fcst\u00fc bilgisayarlara k\u0131yasla pop\u00fclerlik ve \u00fcst\u00fcnl\u00fck kazanmaya devam ediyor. Acilen \u00f6nemli bir bilgiye ula\u015fman\u0131z ya da sosyal a\u011flarda ileti\u015fim kurman\u0131z gerekti\u011finde, spor salonu, kafe, al\u0131\u015fveri\u015f merkezi gibi halka a\u00e7\u0131k herhangi bir yerde Wi-Fi a\u011flar\u0131na ba\u011flanmak \u00f6zellikle kullan\u0131\u015fl\u0131 olabiliyor. Ancak bu ileti\u015fim g\u00fcvenli olmayan bir t\u00fcnel \u00fczerinden ger\u00e7ekle\u015fti\u011finden yetkisiz ki\u015filer verilerinize kolayl\u0131kla m\u00fcdahale edebilir ve bu da gizlili\u011finizi ve veri g\u00fcvenli\u011finizi \u00f6nemli \u00f6l\u00e7\u00fcde zay\u0131flat\u0131r.<\/p>\n<p>VPN&#8217;e ba\u011fland\u0131\u011f\u0131n\u0131zda, verilerin yetkisiz ki\u015filerden gizlice aktar\u0131labilmesi i\u00e7in g\u00fcvenli bir ba\u011flant\u0131 t\u00fcneli olu\u015fturulur. T\u00fcm dosyalar g\u00fcvende kal\u0131r ve bilgisayar korsanl\u0131\u011f\u0131 ya da h\u0131rs\u0131zl\u0131k riski ortadan kalkm\u0131\u015f olur.<\/p>\n<p>Planet VPN, verilerinizi korurken ayn\u0131 zamanda mobil cihaz\u0131n\u0131z\u0131n anti-vir\u00fcs korumas\u0131 ihtiyac\u0131n\u0131 da kar\u015f\u0131layan benzersiz bir \u00e7\u00f6z\u00fcmd\u00fcr. \u0130nternete anonim modda ba\u011flan\u0131rken ayn\u0131 anda a\u00e7\u0131k ya da potansiyel tehditleri ve vir\u00fcsleri kontrol edebileceksiniz.<\/p>\n                \n            <\/div>\n        \n                    <div class=\"bg-image-wrapper bg-image-wrapper--desktop left image-align--left\">\n                <figure style='--image-max-width:450px;--image-opacity:1.00;width: calc(40% - 20px)'>\n                    <img decoding=\"async\" width=\"451\" height=\"438\" src=\"https:\/\/freevpnplanet.com\/wp-content\/uploads\/2024\/06\/rvpn-phone-shild.af3491b-20240614_135258_408328.svg\" class=\"bg-image\" alt=\"Background Image for Desktop\" \/>                <\/figure>\n            <\/div>\n        \n                    <div class=\"bg-image-wrapper bg-image-wrapper--mobile regular-image\">\n                <figure style='width: 100%;max-width: 480px;opacity: 1.00;margin-top: 24px'>\n                    <img decoding=\"async\" width=\"451\" height=\"438\" src=\"https:\/\/freevpnplanet.com\/wp-content\/uploads\/2024\/06\/rvpn-phone-shild.af3491b-20240614_135258_408328.svg\" class=\"bg-image\" alt=\"Background Image for Mobile\" \/>                <\/figure>\n            <\/div>\n            <\/div>\n<\/section>\n\n<section class=\"two-col-content custom-block align-full  rtl ratio-normal text image-visible-on-mobile-no\" style='--background-color:var(--background-blue)'>\n\n    <div class=\"gutenberg-block-background\"><\/div>\n    <div class=\"two-col-content__container inner-container\">\n        \n                    <div class=\"two-col-content__description\"><p>Ak\u0131ll\u0131 telefonlar teknolojik a\u00e7\u0131dan geli\u015fmi\u015f ve bilgisayarlara k\u0131yasla \u00fcst\u00fcn olsalar da, a\u011f \u00fczerinden sisteme kolayca girebilecek vir\u00fcslere ve tehlikeli nesnelere kar\u015f\u0131 savunmas\u0131zd\u0131rlar. Casus yaz\u0131l\u0131mlar ve Trojan&#8217;lar kullan\u0131c\u0131 verilerini gizlice okuyarak, yasa d\u0131\u015f\u0131 faaliyetler i\u00e7in bilgisayar korsanlar\u0131na iletebilirler. K\u00f6t\u00fc ama\u00e7l\u0131 nesneler \u00f6zellikle \u015fifreleri, eri\u015fim kodlar\u0131n\u0131, kart bilgilerini ve e-posta adreslerini \u00e7almay\u0131 hedefler. Vir\u00fcs bula\u015fm\u0131\u015f bir cihaz daha yava\u015f \u00e7al\u0131\u015f\u0131r ve internet trafi\u011fi \u00f6nemli \u00f6l\u00e7\u00fcde artar.<\/p>\n<p>Planet VPN vir\u00fcs taray\u0131c\u0131s\u0131 h\u0131zl\u0131 ve nitelikli bir kontrol yapman\u0131z\u0131 sa\u011flar &#8211; sadece ak\u0131ll\u0131 telefonunuzu PC&#8217;nize ba\u011flaman\u0131z yeterli olacakt\u0131r:<\/p>\n<p>PC&#8217;nizi ve ak\u0131ll\u0131 telefonunuzu bir USB kablosu ile birbirine ba\u011flay\u0131n ve ayarlar men\u00fcs\u00fcnden MTP\/dosya aktar\u0131m modunu se\u00e7in;<\/p>\n<p>Dosyay\u0131 telefonunuzdan bilgisayar\u0131n\u0131za kopyalay\u0131n ve tarama sayfas\u0131nda taray\u0131n.<\/p><\/div>\n        \n                                    <h2 class=\"two-col-content__text\">TELEFONUNUZDAKI\u0307 VI\u0307R\u00dcSLERI\u0307 BI\u0307LGI\u0307SAYARINIZDAN NASIL KONTROL EDERSI\u0307NI\u0307Z ?<\/h2>\n                    \n                    <div class=\"two-col-content__cta\">\n                            <\/div>\n            <\/div>\n<\/section>","protected":false},"excerpt":{"rendered":"","protected":false},"author":13,"featured_media":0,"parent":0,"menu_order":0,"comment_status":"closed","ping_status":"closed","template":"templates\/page_template-basic_for_gutenberg.php","meta":{"_acf_changed":false,"inline_featured_image":false,"footnotes":""},"download_by_lite_tag":[],"class_list":["post-98512","page","type-page","status-publish","hentry"],"yoast_head":"<!-- This site is optimized with the Yoast SEO plugin v22.6 - https:\/\/yoast.com\/wordpress\/plugins\/seo\/ -->\n<title>\u00dccretsiz Vir\u00fcs Taramas\u0131 - Dosya veya URL&#039;ye g\u00f6re vir\u00fcs kontrol\u00fc yap\u0131n - Planet VPN<\/title>\n<meta name=\"description\" content=\"Planet VPN ile dosyalarda\/ba\u011flant\u0131larda \u00e7evrimi\u00e7i olarak vir\u00fcs kontrol\u00fc yap\u0131n.\" \/>\n<meta name=\"robots\" content=\"index, follow, max-snippet:-1, max-image-preview:large, max-video-preview:-1\" \/>\n<link rel=\"canonical\" href=\"https:\/\/freevpnplanet.com\/tr\/virus-scan\/\" \/>\n<meta property=\"og:locale\" content=\"tr_TR\" \/>\n<meta property=\"og:type\" content=\"article\" \/>\n<meta property=\"og:title\" content=\"\u00dccretsiz Vir\u00fcs Taramas\u0131 - Dosya veya URL&#039;ye g\u00f6re vir\u00fcs kontrol\u00fc yap\u0131n - Planet VPN\" \/>\n<meta property=\"og:description\" content=\"Planet VPN ile dosyalarda\/ba\u011flant\u0131larda \u00e7evrimi\u00e7i olarak vir\u00fcs kontrol\u00fc yap\u0131n.\" \/>\n<meta property=\"og:url\" content=\"https:\/\/freevpnplanet.com\/tr\/virus-scan\/\" \/>\n<meta property=\"og:site_name\" content=\"Planet VPN\" \/>\n<meta property=\"article:modified_time\" content=\"2026-02-12T10:54:29+00:00\" \/>\n<meta name=\"twitter:card\" content=\"summary_large_image\" \/>\n<script type=\"application\/ld+json\" class=\"yoast-schema-graph\">{\"@context\":\"https:\/\/schema.org\",\"@graph\":[{\"@type\":\"WebPage\",\"@id\":\"https:\/\/freevpnplanet.com\/tr\/virus-scan\/\",\"url\":\"https:\/\/freevpnplanet.com\/tr\/virus-scan\/\",\"name\":\"\u00dccretsiz Vir\u00fcs Taramas\u0131 - Dosya veya URL'ye g\u00f6re vir\u00fcs kontrol\u00fc yap\u0131n - Planet VPN\",\"isPartOf\":{\"@id\":\"https:\/\/freevpnplanet.com\/tr\/#website\"},\"datePublished\":\"2024-06-03T16:16:22+00:00\",\"dateModified\":\"2026-02-12T10:54:29+00:00\",\"description\":\"Planet VPN ile dosyalarda\/ba\u011flant\u0131larda \u00e7evrimi\u00e7i olarak vir\u00fcs kontrol\u00fc yap\u0131n.\",\"breadcrumb\":{\"@id\":\"https:\/\/freevpnplanet.com\/tr\/virus-scan\/#breadcrumb\"},\"inLanguage\":\"tr\",\"potentialAction\":[{\"@type\":\"ReadAction\",\"target\":[\"https:\/\/freevpnplanet.com\/tr\/virus-scan\/\"]}]},{\"@type\":\"BreadcrumbList\",\"@id\":\"https:\/\/freevpnplanet.com\/tr\/virus-scan\/#breadcrumb\",\"itemListElement\":[{\"@type\":\"ListItem\",\"position\":1,\"name\":\"Home\",\"item\":\"https:\/\/freevpnplanet.com\/tr\/\"},{\"@type\":\"ListItem\",\"position\":2,\"name\":\"Virus scan\"}]},{\"@type\":\"WebSite\",\"@id\":\"https:\/\/freevpnplanet.com\/tr\/#website\",\"url\":\"https:\/\/freevpnplanet.com\/tr\/\",\"name\":\"Planet VPN \ud83d\udee1\ufe0f\ud83c\udf10 Free VPN\",\"description\":\"Free VPN\",\"potentialAction\":[{\"@type\":\"SearchAction\",\"target\":{\"@type\":\"EntryPoint\",\"urlTemplate\":\"https:\/\/freevpnplanet.com\/tr\/?s={search_term_string}\"},\"query-input\":\"required name=search_term_string\"}],\"inLanguage\":\"tr\",\"publisher\":{\"@id\":\"https:\/\/freevpnplanet.com\/tr\/#organization\"}},{\"@context\":\"https:\/\/schema.org\/\",\"@type\":\"SoftwareApplication\",\"name\":\"Planet VPN \ud83d\udee1\ufe0f\ud83c\udf10 Free VPN\",\"operatingSystem\":\"Windows, macOS, iOS, Android, Linux, Chrome\",\"applicationCategory\":\"SecurityApplication\",\"offers\":{\"@type\":\"AggregateOffer\",\"priceCurrency\":\"USD\",\"price\":\"0\",\"lowPrice\":\"0\",\"availability\":\"https:\/\/schema.org\/InStock\"},\"aggregateRating\":{\"@type\":\"AggregateRating\",\"ratingValue\":\"4.8\",\"bestRating\":\"5\",\"ratingCount\":\"12476\"}},{\"@type\":\"Organization\",\"@id\":\"https:\/\/freevpnplanet.com\/tr\/#organization\",\"url\":\"https:\/\/freevpnplanet.com\/tr\/\",\"name\":\"Planet VPN \ud83d\udee1\ufe0f\ud83c\udf10 Free VPN\"}]}<\/script>\n<!-- \/ Yoast SEO plugin. -->","yoast_head_json":{"title":"\u00dccretsiz Vir\u00fcs Taramas\u0131 - Dosya veya URL'ye g\u00f6re vir\u00fcs kontrol\u00fc yap\u0131n - Planet VPN","description":"Planet VPN ile dosyalarda\/ba\u011flant\u0131larda \u00e7evrimi\u00e7i olarak vir\u00fcs kontrol\u00fc yap\u0131n.","robots":{"index":"index","follow":"follow","max-snippet":"max-snippet:-1","max-image-preview":"max-image-preview:large","max-video-preview":"max-video-preview:-1"},"canonical":"https:\/\/freevpnplanet.com\/tr\/virus-scan\/","og_locale":"tr_TR","og_type":"article","og_title":"\u00dccretsiz Vir\u00fcs Taramas\u0131 - Dosya veya URL'ye g\u00f6re vir\u00fcs kontrol\u00fc yap\u0131n - Planet VPN","og_description":"Planet VPN ile dosyalarda\/ba\u011flant\u0131larda \u00e7evrimi\u00e7i olarak vir\u00fcs kontrol\u00fc yap\u0131n.","og_url":"https:\/\/freevpnplanet.com\/tr\/virus-scan\/","og_site_name":"Planet VPN","article_modified_time":"2026-02-12T10:54:29+00:00","twitter_card":"summary_large_image","schema":{"@context":"https:\/\/schema.org","@graph":[{"@type":"WebPage","@id":"https:\/\/freevpnplanet.com\/tr\/virus-scan\/","url":"https:\/\/freevpnplanet.com\/tr\/virus-scan\/","name":"\u00dccretsiz Vir\u00fcs Taramas\u0131 - Dosya veya URL'ye g\u00f6re vir\u00fcs kontrol\u00fc yap\u0131n - Planet VPN","isPartOf":{"@id":"https:\/\/freevpnplanet.com\/tr\/#website"},"datePublished":"2024-06-03T16:16:22+00:00","dateModified":"2026-02-12T10:54:29+00:00","description":"Planet VPN ile dosyalarda\/ba\u011flant\u0131larda \u00e7evrimi\u00e7i olarak vir\u00fcs kontrol\u00fc yap\u0131n.","breadcrumb":{"@id":"https:\/\/freevpnplanet.com\/tr\/virus-scan\/#breadcrumb"},"inLanguage":"tr","potentialAction":[{"@type":"ReadAction","target":["https:\/\/freevpnplanet.com\/tr\/virus-scan\/"]}]},{"@type":"BreadcrumbList","@id":"https:\/\/freevpnplanet.com\/tr\/virus-scan\/#breadcrumb","itemListElement":[{"@type":"ListItem","position":1,"name":"Home","item":"https:\/\/freevpnplanet.com\/tr\/"},{"@type":"ListItem","position":2,"name":"Virus scan"}]},{"@type":"WebSite","@id":"https:\/\/freevpnplanet.com\/tr\/#website","url":"https:\/\/freevpnplanet.com\/tr\/","name":"Planet VPN \ud83d\udee1\ufe0f\ud83c\udf10 Free VPN","description":"Free VPN","potentialAction":[{"@type":"SearchAction","target":{"@type":"EntryPoint","urlTemplate":"https:\/\/freevpnplanet.com\/tr\/?s={search_term_string}"},"query-input":"required name=search_term_string"}],"inLanguage":"tr","publisher":{"@id":"https:\/\/freevpnplanet.com\/tr\/#organization"}},{"@context":"https:\/\/schema.org\/","@type":"SoftwareApplication","name":"Planet VPN \ud83d\udee1\ufe0f\ud83c\udf10 Free VPN","operatingSystem":"Windows, macOS, iOS, Android, Linux, Chrome","applicationCategory":"SecurityApplication","offers":{"@type":"AggregateOffer","priceCurrency":"USD","price":"0","lowPrice":"0","availability":"https:\/\/schema.org\/InStock"},"aggregateRating":{"@type":"AggregateRating","ratingValue":"4.8","bestRating":"5","ratingCount":"12476"}},{"@type":"Organization","@id":"https:\/\/freevpnplanet.com\/tr\/#organization","url":"https:\/\/freevpnplanet.com\/tr\/","name":"Planet VPN \ud83d\udee1\ufe0f\ud83c\udf10 Free VPN"}]}},"acf":[],"_links":{"self":[{"href":"https:\/\/freevpnplanet.com\/tr\/wp-json\/wp\/v2\/pages\/98512","targetHints":{"allow":["GET"]}}],"collection":[{"href":"https:\/\/freevpnplanet.com\/tr\/wp-json\/wp\/v2\/pages"}],"about":[{"href":"https:\/\/freevpnplanet.com\/tr\/wp-json\/wp\/v2\/types\/page"}],"author":[{"embeddable":true,"href":"https:\/\/freevpnplanet.com\/tr\/wp-json\/wp\/v2\/users\/13"}],"replies":[{"embeddable":true,"href":"https:\/\/freevpnplanet.com\/tr\/wp-json\/wp\/v2\/comments?post=98512"}],"version-history":[{"count":2,"href":"https:\/\/freevpnplanet.com\/tr\/wp-json\/wp\/v2\/pages\/98512\/revisions"}],"predecessor-version":[{"id":190451,"href":"https:\/\/freevpnplanet.com\/tr\/wp-json\/wp\/v2\/pages\/98512\/revisions\/190451"}],"wp:attachment":[{"href":"https:\/\/freevpnplanet.com\/tr\/wp-json\/wp\/v2\/media?parent=98512"}],"wp:term":[{"taxonomy":"download_by_lite_tag","embeddable":true,"href":"https:\/\/freevpnplanet.com\/tr\/wp-json\/wp\/v2\/download_by_lite_tag?post=98512"}],"curies":[{"name":"wp","href":"https:\/\/api.w.org\/{rel}","templated":true}]}}