{"id":99298,"date":"2024-05-31T15:55:49","date_gmt":"2024-05-31T12:55:49","guid":{"rendered":"https:\/\/help.freeplanetvpn.com\/password-generator\/"},"modified":"2026-01-20T15:58:48","modified_gmt":"2026-01-20T12:58:48","slug":"password-generator","status":"publish","type":"page","link":"https:\/\/freevpnplanet.com\/tr\/password-generator\/","title":{"rendered":"Password generator"},"content":{"rendered":"\n<section class=\"tools-hero\">\n  <div class=\"tools-hero__inner container\">\n\n    <div class=\"password-generator__wrapper\">\n      <div class=\"password-generator\">\n                  <div class=\"password-generator__text\"><h1 class=\"passGen-title\">\u00c7evrimi\u00e7i \u015fifre \u00fcreticisi &#8211; g\u00fcvenli, rastgele ve g\u00fc\u00e7l\u00fc<\/h1>\n<p class=\"passGen-description\">\u015eifre \u00fccreticimiz ile g\u00fc\u00e7l\u00fc bir \u015fifreye sahip olun. Ertelemeyin, g\u00fc\u00e7l\u00fc bir \u015fifre kullanarak g\u00fcvenlik risklerini azalt\u0131n.<\/p><\/div>\n        \n        <div class=\"password-generator__result\">\n          <div class=\"password-generator__password\">\n            <input id=\"password\" type=\"text\" class=\"password-generator__input\" readonly>\n            <button id=\"qa-generate-password\" type=\"button\" class=\"password-generator__generate\" aria-label=\"Olu\u015ftur\"><\/button>\n            <button id=\"qa-copy-password\" type=\"button\" class=\"password-generator__copy\" aria-label=\"Kopyala\"><\/button>\n          <\/div>\n\n          <div id=\"qa-copied-message\" class=\"password-generator__msg\"><\/div>\n          <script>\n            window.success_copied_message = '';\n            window.error_copied_message = '';\n          <\/script>\n          <div class=\"password-generator__power\">\n            <span>Zay\u0131f<\/span>\n            <span>G\u00fc\u00e7l\u00fc<\/span>\n            <b class=\"password-generator__power-line\" style=\"--width:0\"><\/b>\n          <\/div>\n        <\/div>\n\n        <form name=\"passwordGenerator\" method=\"post\" action=\"\" class=\"password-generator__form\">\n          <h2>Yap\u0131land\u0131rmalar<\/h2>\n          <div class=\"password-generator__characters\">\n            <b>Karakter t\u00fcr\u00fc<\/b>\n            <label>\n              <input id=\"upperCaseCheckBox\" type=\"checkbox\" name=\"lettersUppercase\" checked \/>\n              <span>B\u00fcy\u00fck harf<\/span>\n            <\/label>\n            <label>\n              <input id=\"lowerCaseCheckBox\" type=\"checkbox\" name=\"lettersLowercase\" checked \/>\n              <span>K\u00fc\u00e7\u00fck harf<\/span>\n            <\/label>\n          <\/div>\n\n          <div class=\"password-generator__slider\">\n            <b>Uzunluk <span class=\"password-generator__lengthValue-span\">12<\/span><\/b>\n            <label>\n              <input id=\"qa-length\" type=\"range\" min=\"6\" max=\"20\" value=\"12\" name=\"lengthValue\" \/>\n            <\/label>\n          <\/div>\n\n          <div class=\"password-generator__slider\">\n            <b>Rakamlar <span class=\"password-generator__digitsValue-span\">4<\/span><\/b>\n            <label>\n              <input id=\"qa-digits\" type=\"range\" min=\"0\" max=\"20\" value=\"4\" name=\"digitsValue\" \/>\n            <\/label>\n          <\/div>\n\n          <div class=\"password-generator__slider\">\n            <b>Semboller <span class=\"password-generator__symbolsValue-span\">2<\/span><\/b>\n            <label>\n              <input id=\"qa-symbols\" type=\"range\" min=\"0\" max=\"20\" value=\"2\" name=\"symbolsValue\" \/>\n            <\/label>\n          <\/div>\n\n        <\/form>\n      <\/div>\n\n    <\/div>\n  <\/div>\n\n  <div class=\"tools-hero__menu\"><ul id=\"menu-tools-menu-turkish\" class=\"menu\"><li id=\"menu-item-117485\" class=\"menu-item menu-item-type-post_type menu-item-object-page menu-item-117485\"><a href=\"https:\/\/freevpnplanet.com\/tr\/dns-check\/\">DNS S\u0131z\u0131nt\u0131 Testi<\/a><\/li>\n<li id=\"menu-item-117486\" class=\"menu-item menu-item-type-post_type menu-item-object-page menu-item-117486\"><a href=\"https:\/\/freevpnplanet.com\/tr\/web-rtc\/\">WebRTC S\u0131z\u0131nt\u0131 Testi<\/a><\/li>\n<li id=\"menu-item-117519\" class=\"menu-item menu-item-type-post_type menu-item-object-page menu-item-117519\"><a href=\"https:\/\/freevpnplanet.com\/tr\/virus-scan\/\">Vir\u00fcs tarama<\/a><\/li>\n<li id=\"menu-item-117520\" class=\"menu-item menu-item-type-post_type menu-item-object-page menu-item-117520\"><a href=\"https:\/\/freevpnplanet.com\/tr\/ip-check\/\">IP Adresim Ne?<\/a><\/li>\n<li id=\"menu-item-117521\" class=\"menu-item menu-item-type-post_type menu-item-object-page menu-item-117521\"><a href=\"https:\/\/freevpnplanet.com\/tr\/password-generator\/\">Password generator<\/a><\/li>\n<\/ul><\/div>\n<\/section>\n\n<section class=\"two-col-content custom-block align-full  rtl ratio-normal text image-visible-on-mobile-no\" style='--background-color:var(--background-blue)'>\n\n    <div class=\"gutenberg-block-background\"><\/div>\n    <div class=\"two-col-content__container inner-container\">\n        \n                    <div class=\"two-col-content__description\"><p>\u00c7evrimi\u00e7i \u015fifre \u00fcreticisi, benzersiz ve g\u00fc\u00e7l\u00fc \u015fifreler olu\u015fturmak i\u00e7in \u00fccretsiz bir ara\u00e7t\u0131r. Bu ara\u00e7 internet sitelerine, ma\u011fazalara ya da \u00e7e\u015fitli \u00e7evrimi\u00e7i hizmetlere kay\u0131t olurken zor bir \u015fifre kullanmak isteyenler i\u00e7in idealdir.<\/p>\n<p>Ayr\u0131ca, farkl\u0131 ayarlar\u0131 kullanarak \u015fifreyi kendinize g\u00f6re yap\u0131land\u0131rabilirsiniz. T\u00fcm \u015fifreler rastgele olu\u015fturulur, bu da y\u00fcksek g\u00fcvenlik sa\u011flar.<\/p>\n<p>G\u00fc\u00e7l\u00fc bir \u015fifre olu\u015fturmak i\u00e7in \u015fifre \u00fcreticimizi kullan\u0131n. \u0130lk olarak \u015fifre uzunlu\u011funu ayarlay\u0131n (en az 8 karakter kullanman\u0131z\u0131 \u00f6neririz) ve ard\u0131ndan \u015fifre zorlu\u011funu se\u00e7in. B\u00fcy\u00fck harflerin mi yoksa k\u00fc\u00e7\u00fck harflerin mi kullan\u0131laca\u011f\u0131n\u0131 kontrol edin. E\u011fer ihtiya\u00e7 duyuyorsan\u0131z, \u015fifrede ka\u00e7 rakam ve ka\u00e7 sembol kullan\u0131laca\u011f\u0131n\u0131 belirtin. \u00c7evrimi\u00e7i \u015fifre \u00fcreticimiz, verdi\u011finiz parametrelere g\u00f6re otomatik olarak rastgele bir \u015fifre olu\u015fturur ve tek yapman\u0131z gereken \u015fifreyi kopyalamakt\u0131r.<\/p>\n<p>Olu\u015fturulan \u015fifreyi unutabilece\u011finizi d\u00fc\u015f\u00fcn\u00fcyorsan\u0131z ya da \u015fifre size uygun de\u011filse, her zaman yeni \u015fifre olu\u015fturma d\u00fc\u011fmesine t\u0131klayabilir veya ayarlar\u0131 de\u011fi\u015ftirebilirsiniz.<\/p>\n<blockquote>\n<p>L\u00fctfen dikkat: \u015fifreniz cihaz\u0131n\u0131zda olu\u015fturulur, yani biz bile olu\u015fturulan \u015fifreyi bilemeyiz. Bu sayede herhangi bir siteye girerken g\u00fc\u00e7l\u00fc parolan\u0131z\u0131 a\u011f \u00fczerinden kimse ele ge\u00e7iremez. Ek g\u00fcvenlik i\u00e7in g\u00fc\u00e7l\u00fc \u015fifreleme sunan VPN hizmetimizi kullanabilirsiniz.<\/p>\n<\/blockquote><\/div>\n        \n                                    <h2 class=\"two-col-content__text\">G\u00fc\u00e7l\u00fc bir \u015fifre nas\u0131l olu\u015fturulur?<\/h2>\n                    \n            <\/div>\n<\/section>","protected":false},"excerpt":{"rendered":"","protected":false},"author":13,"featured_media":0,"parent":0,"menu_order":0,"comment_status":"closed","ping_status":"closed","template":"templates\/page_template-basic_for_gutenberg.php","meta":{"_acf_changed":false,"inline_featured_image":false,"footnotes":""},"download_by_lite_tag":[],"class_list":["post-99298","page","type-page","status-publish","hentry"],"yoast_head":"<!-- This site is optimized with the Yoast SEO plugin v22.6 - https:\/\/yoast.com\/wordpress\/plugins\/seo\/ -->\n<title>\u015eifre \u00fcreticisi - Rastgele ve G\u00fc\u00e7l\u00fc \u015fifreler \u00fcretin | Planet VPN<\/title>\n<meta name=\"description\" content=\"\u015eifre \u00fcreticimiz ile g\u00fc\u00e7l\u00fc bir \u015fifreye sahip olun. Ertelemeyin! G\u00fc\u00e7l\u00fc bir \u015fifre olu\u015fturarak g\u00fcvenlik risklerini azalt\u0131n.\" \/>\n<meta name=\"robots\" content=\"index, follow, max-snippet:-1, max-image-preview:large, max-video-preview:-1\" \/>\n<link rel=\"canonical\" href=\"https:\/\/freevpnplanet.com\/tr\/password-generator\/\" \/>\n<meta property=\"og:locale\" content=\"tr_TR\" \/>\n<meta property=\"og:type\" content=\"article\" \/>\n<meta property=\"og:title\" content=\"\u015eifre \u00fcreticisi - Rastgele ve G\u00fc\u00e7l\u00fc \u015fifreler \u00fcretin | Planet VPN\" \/>\n<meta property=\"og:description\" content=\"\u015eifre \u00fcreticimiz ile g\u00fc\u00e7l\u00fc bir \u015fifreye sahip olun. Ertelemeyin! G\u00fc\u00e7l\u00fc bir \u015fifre olu\u015fturarak g\u00fcvenlik risklerini azalt\u0131n.\" \/>\n<meta property=\"og:url\" content=\"https:\/\/freevpnplanet.com\/tr\/password-generator\/\" \/>\n<meta property=\"og:site_name\" content=\"Planet VPN\" \/>\n<meta property=\"article:modified_time\" content=\"2026-01-20T12:58:48+00:00\" \/>\n<meta name=\"twitter:card\" content=\"summary_large_image\" \/>\n<script type=\"application\/ld+json\" class=\"yoast-schema-graph\">{\"@context\":\"https:\/\/schema.org\",\"@graph\":[{\"@type\":\"WebPage\",\"@id\":\"https:\/\/freevpnplanet.com\/tr\/password-generator\/\",\"url\":\"https:\/\/freevpnplanet.com\/tr\/password-generator\/\",\"name\":\"\u015eifre \u00fcreticisi - Rastgele ve G\u00fc\u00e7l\u00fc \u015fifreler \u00fcretin | Planet VPN\",\"isPartOf\":{\"@id\":\"https:\/\/freevpnplanet.com\/tr\/#website\"},\"datePublished\":\"2024-05-31T12:55:49+00:00\",\"dateModified\":\"2026-01-20T12:58:48+00:00\",\"description\":\"\u015eifre \u00fcreticimiz ile g\u00fc\u00e7l\u00fc bir \u015fifreye sahip olun. Ertelemeyin! G\u00fc\u00e7l\u00fc bir \u015fifre olu\u015fturarak g\u00fcvenlik risklerini azalt\u0131n.\",\"breadcrumb\":{\"@id\":\"https:\/\/freevpnplanet.com\/tr\/password-generator\/#breadcrumb\"},\"inLanguage\":\"tr\",\"potentialAction\":[{\"@type\":\"ReadAction\",\"target\":[\"https:\/\/freevpnplanet.com\/tr\/password-generator\/\"]}]},{\"@type\":\"BreadcrumbList\",\"@id\":\"https:\/\/freevpnplanet.com\/tr\/password-generator\/#breadcrumb\",\"itemListElement\":[{\"@type\":\"ListItem\",\"position\":1,\"name\":\"Home\",\"item\":\"https:\/\/freevpnplanet.com\/tr\/\"},{\"@type\":\"ListItem\",\"position\":2,\"name\":\"Password generator\"}]},{\"@type\":\"WebSite\",\"@id\":\"https:\/\/freevpnplanet.com\/tr\/#website\",\"url\":\"https:\/\/freevpnplanet.com\/tr\/\",\"name\":\"Planet VPN \ud83d\udee1\ufe0f\ud83c\udf10 Free VPN\",\"description\":\"Free VPN\",\"potentialAction\":[{\"@type\":\"SearchAction\",\"target\":{\"@type\":\"EntryPoint\",\"urlTemplate\":\"https:\/\/freevpnplanet.com\/tr\/?s={search_term_string}\"},\"query-input\":\"required name=search_term_string\"}],\"inLanguage\":\"tr\",\"publisher\":{\"@id\":\"https:\/\/freevpnplanet.com\/tr\/#organization\"}},{\"@context\":\"https:\/\/schema.org\/\",\"@type\":\"SoftwareApplication\",\"name\":\"Planet VPN \ud83d\udee1\ufe0f\ud83c\udf10 Free VPN\",\"operatingSystem\":\"Windows, macOS, iOS, Android, Linux, Chrome\",\"applicationCategory\":\"SecurityApplication\",\"offers\":{\"@type\":\"AggregateOffer\",\"priceCurrency\":\"USD\",\"price\":\"0\",\"lowPrice\":\"0\",\"availability\":\"https:\/\/schema.org\/InStock\"},\"aggregateRating\":{\"@type\":\"AggregateRating\",\"ratingValue\":\"4.8\",\"bestRating\":\"5\",\"ratingCount\":\"12476\"}},{\"@type\":\"Organization\",\"@id\":\"https:\/\/freevpnplanet.com\/tr\/#organization\",\"url\":\"https:\/\/freevpnplanet.com\/tr\/\",\"name\":\"Planet VPN \ud83d\udee1\ufe0f\ud83c\udf10 Free VPN\"}]}<\/script>\n<!-- \/ Yoast SEO plugin. -->","yoast_head_json":{"title":"\u015eifre \u00fcreticisi - Rastgele ve G\u00fc\u00e7l\u00fc \u015fifreler \u00fcretin | Planet VPN","description":"\u015eifre \u00fcreticimiz ile g\u00fc\u00e7l\u00fc bir \u015fifreye sahip olun. Ertelemeyin! G\u00fc\u00e7l\u00fc bir \u015fifre olu\u015fturarak g\u00fcvenlik risklerini azalt\u0131n.","robots":{"index":"index","follow":"follow","max-snippet":"max-snippet:-1","max-image-preview":"max-image-preview:large","max-video-preview":"max-video-preview:-1"},"canonical":"https:\/\/freevpnplanet.com\/tr\/password-generator\/","og_locale":"tr_TR","og_type":"article","og_title":"\u015eifre \u00fcreticisi - Rastgele ve G\u00fc\u00e7l\u00fc \u015fifreler \u00fcretin | Planet VPN","og_description":"\u015eifre \u00fcreticimiz ile g\u00fc\u00e7l\u00fc bir \u015fifreye sahip olun. Ertelemeyin! G\u00fc\u00e7l\u00fc bir \u015fifre olu\u015fturarak g\u00fcvenlik risklerini azalt\u0131n.","og_url":"https:\/\/freevpnplanet.com\/tr\/password-generator\/","og_site_name":"Planet VPN","article_modified_time":"2026-01-20T12:58:48+00:00","twitter_card":"summary_large_image","schema":{"@context":"https:\/\/schema.org","@graph":[{"@type":"WebPage","@id":"https:\/\/freevpnplanet.com\/tr\/password-generator\/","url":"https:\/\/freevpnplanet.com\/tr\/password-generator\/","name":"\u015eifre \u00fcreticisi - Rastgele ve G\u00fc\u00e7l\u00fc \u015fifreler \u00fcretin | Planet VPN","isPartOf":{"@id":"https:\/\/freevpnplanet.com\/tr\/#website"},"datePublished":"2024-05-31T12:55:49+00:00","dateModified":"2026-01-20T12:58:48+00:00","description":"\u015eifre \u00fcreticimiz ile g\u00fc\u00e7l\u00fc bir \u015fifreye sahip olun. Ertelemeyin! G\u00fc\u00e7l\u00fc bir \u015fifre olu\u015fturarak g\u00fcvenlik risklerini azalt\u0131n.","breadcrumb":{"@id":"https:\/\/freevpnplanet.com\/tr\/password-generator\/#breadcrumb"},"inLanguage":"tr","potentialAction":[{"@type":"ReadAction","target":["https:\/\/freevpnplanet.com\/tr\/password-generator\/"]}]},{"@type":"BreadcrumbList","@id":"https:\/\/freevpnplanet.com\/tr\/password-generator\/#breadcrumb","itemListElement":[{"@type":"ListItem","position":1,"name":"Home","item":"https:\/\/freevpnplanet.com\/tr\/"},{"@type":"ListItem","position":2,"name":"Password generator"}]},{"@type":"WebSite","@id":"https:\/\/freevpnplanet.com\/tr\/#website","url":"https:\/\/freevpnplanet.com\/tr\/","name":"Planet VPN \ud83d\udee1\ufe0f\ud83c\udf10 Free VPN","description":"Free VPN","potentialAction":[{"@type":"SearchAction","target":{"@type":"EntryPoint","urlTemplate":"https:\/\/freevpnplanet.com\/tr\/?s={search_term_string}"},"query-input":"required name=search_term_string"}],"inLanguage":"tr","publisher":{"@id":"https:\/\/freevpnplanet.com\/tr\/#organization"}},{"@context":"https:\/\/schema.org\/","@type":"SoftwareApplication","name":"Planet VPN \ud83d\udee1\ufe0f\ud83c\udf10 Free VPN","operatingSystem":"Windows, macOS, iOS, Android, Linux, Chrome","applicationCategory":"SecurityApplication","offers":{"@type":"AggregateOffer","priceCurrency":"USD","price":"0","lowPrice":"0","availability":"https:\/\/schema.org\/InStock"},"aggregateRating":{"@type":"AggregateRating","ratingValue":"4.8","bestRating":"5","ratingCount":"12476"}},{"@type":"Organization","@id":"https:\/\/freevpnplanet.com\/tr\/#organization","url":"https:\/\/freevpnplanet.com\/tr\/","name":"Planet VPN \ud83d\udee1\ufe0f\ud83c\udf10 Free VPN"}]}},"acf":[],"_links":{"self":[{"href":"https:\/\/freevpnplanet.com\/tr\/wp-json\/wp\/v2\/pages\/99298","targetHints":{"allow":["GET"]}}],"collection":[{"href":"https:\/\/freevpnplanet.com\/tr\/wp-json\/wp\/v2\/pages"}],"about":[{"href":"https:\/\/freevpnplanet.com\/tr\/wp-json\/wp\/v2\/types\/page"}],"author":[{"embeddable":true,"href":"https:\/\/freevpnplanet.com\/tr\/wp-json\/wp\/v2\/users\/13"}],"replies":[{"embeddable":true,"href":"https:\/\/freevpnplanet.com\/tr\/wp-json\/wp\/v2\/comments?post=99298"}],"version-history":[{"count":1,"href":"https:\/\/freevpnplanet.com\/tr\/wp-json\/wp\/v2\/pages\/99298\/revisions"}],"predecessor-version":[{"id":189492,"href":"https:\/\/freevpnplanet.com\/tr\/wp-json\/wp\/v2\/pages\/99298\/revisions\/189492"}],"wp:attachment":[{"href":"https:\/\/freevpnplanet.com\/tr\/wp-json\/wp\/v2\/media?parent=99298"}],"wp:term":[{"taxonomy":"download_by_lite_tag","embeddable":true,"href":"https:\/\/freevpnplanet.com\/tr\/wp-json\/wp\/v2\/download_by_lite_tag?post=99298"}],"curies":[{"name":"wp","href":"https:\/\/api.w.org\/{rel}","templated":true}]}}