{"id":99986,"date":"2024-05-30T10:37:13","date_gmt":"2024-05-30T07:37:13","guid":{"rendered":"https:\/\/help.freeplanetvpn.com\/listen-to-music-radio-online-download-mp3\/"},"modified":"2025-07-22T11:13:49","modified_gmt":"2025-07-22T08:13:49","slug":"listen-to-music-radio-online-download-mp3","status":"publish","type":"page","link":"https:\/\/freevpnplanet.com\/tr\/listen-to-music-radio-online-download-mp3\/","title":{"rendered":"Listen to music radio online download mp3"},"content":{"rendered":"\n<section class=\"image-text custom-block align-full bg-circle  mobile-image-bottom mobile-title-center  header-size-medium text-size-small   content-left\" style='overflow: hidden;;--background-color:var(--dark-blue-0); --text-color:var(--white);--min-height-mobile:400px;--min-height-desktop:676px;--content-width:50%'>\n\n    <div class=\"gutenberg-block-background\"><\/div>\n    <div class=\"image-text__inner inner-container\">\n\n        \n                    <div class=\"image-text__content\">\n\n                <h1>M\u00fczik indirmek ve dinlemek i\u00e7in \u00fccretsiz VPN<\/h1>\n<p><span data-sheets-root=\"1\">Sa\u011flay\u0131c\u0131n\u0131z veya sistem y\u00f6neticiniz en sevdi\u011finiz \u00e7evrimi\u00e7i radyo istasyonuna eri\u015fimi engelledi mi? MP3 m\u00fczik indirme eri\u015fiminiz k\u0131s\u0131tland\u0131 m\u0131?<\/span><\/p>\n<p>&#8211;\u00a0Endi\u015felenmeyin! Planet VPN&#8217;e istedi\u011finiz an sahip olabilirsiniz! Hizmetimiz, ihtiyac\u0131n\u0131z olan t\u00fcm ara\u00e7lar\u0131 h\u0131z\u0131n\u0131z\u0131 d\u00fc\u015f\u00fcrmeden size sa\u011flamak i\u00e7in verilerinizi g\u00fcvenli bir \u015fekilde \u015fifreler!<\/p>\n                                    <div class=\"image-text__cta\">\n                        <a href=\"\/tr\/plans\/\" target=\"_self\" id=\"qa-hero-btn-cta\" class=\"cta download-by-platform cta--with-border cta-size--small cta-mt--initial icon-position--icon-left\" style=\"--border-radius:40px\"><span class=\"cta__name\">\u00dccretsiz indirin<\/span><\/a>                    <\/div>\n                \n            <\/div>\n        \n                    <div class=\"bg-image-wrapper bg-image-wrapper--desktop right image-align--center\">\n                <figure style='--image-max-width:1000px;--image-opacity:1.00;width: calc(46% - 20px)'>\n                    <img decoding=\"async\" width=\"608\" height=\"459\" src=\"https:\/\/freevpnplanet.com\/wp-content\/uploads\/2024\/05\/rvpn-music-main-image-20240530_104212_904697.svg\" class=\"bg-image\" alt=\"Background Image for Desktop\" \/>                <\/figure>\n            <\/div>\n        \n                    <div class=\"bg-image-wrapper bg-image-wrapper--mobile regular-image\">\n                <figure style='width: 100%;max-width: 480px;opacity: 1.00;margin-top: 24px'>\n                    <img decoding=\"async\" width=\"608\" height=\"459\" src=\"https:\/\/freevpnplanet.com\/wp-content\/uploads\/2024\/05\/rvpn-music-main-image-20240530_104212_904697.svg\" class=\"bg-image\" alt=\"Background Image for Mobile\" \/>                <\/figure>\n            <\/div>\n            <\/div>\n<\/section>\n\n\n<section class=\"image-text-static-image custom-block align-none  mobile-image-bottom   header-size-small text-size-small  \" style=''>\n\n    <div class=\"gutenberg-block-background\"><\/div>\n    <div class=\"image-text-static-image__inner inner-container\">\n                    <div class=\"image-text-static-image__content content-right\" style='--content-width: 50%'>\n                                    <div class=\"image-text-static-image__title\">\n                        <h2 >KISITLAMA OLMADAN \u00c7EVR\u0130M\u0130\u00c7\u0130 RADYO VE M\u00dcZ\u0130K D\u0130NLEMEK M\u00dcMK\u00dcN M\u00dc?<\/h2>                    <\/div>\n                \n                <p>\u00d6nceden, \u0130nternet kullan\u0131c\u0131s\u0131 neredeyse t\u00fcm m\u00fcziklere ve herhangi bir \u00e7evrimi\u00e7i radyoya eri\u015febiliyordu. Bununla birlikte, k\u0131s\u0131tlamalar\u0131n uygulanmas\u0131yla, sokakta ya\u015fayan ortalama insanlar, yaln\u0131zca kendi \u00fclkelerinde izin verilen ses kay\u0131tlar\u0131n\u0131 ve radyo istasyonlar\u0131n\u0131 dinleyebilir.<\/p>\n<p>Bu gibi k\u0131s\u0131tlamalarla, kullan\u0131c\u0131 k\u0131s\u0131tlanm\u0131\u015f bir \u015fark\u0131y\u0131 dinlemeye ya da bir \u00e7evrimi\u00e7i radyoya ba\u011flanmaya \u00e7al\u0131\u015ft\u0131\u011f\u0131nda bir uyar\u0131 mesaj\u0131yla kar\u015f\u0131la\u015f\u0131r. VPN kullanarak iletilen ve al\u0131nan t\u00fcm verileri g\u00fcvenli bir \u015fekilde \u015fifreleyebilir, ayn\u0131 zamanda IP adresinizi de\u011fi\u015ftirerek k\u0131s\u0131tlamalar\u0131 a\u015fabilir ve \u00e7evrimi\u00e7i radyolar\u0131 ya da istedi\u011finiz m\u00fczikleri h\u0131z kayb\u0131 olmadan \u00f6zg\u00fcrce dinleyebilirsiniz.<\/p>\n                \n                \n\n            <\/div>\n        \n                    <div class=\"bg-image-wrapper bg-image-wrapper--desktop  left image-align--center\" style='--image-max-width: 50%'>\n                <figure>\n                    <img width=\"545\" height=\"457\" src=\"https:\/\/freevpnplanet.com\/wp-content\/uploads\/2024\/05\/rvpn-music-party-20240530_104215_523471.svg\" class=\"attachment-full size-full\" alt=\"\" loading=\"lazy\" decoding=\"sync\" fetchpriority=\"low\" style=\"max-width:545px\" sizes=\"auto, (max-width: 545px) 100vw, 545px\" aria-hidden=\"true\" \/>                    <!-- <img decoding=\"async\" width=\"545\" height=\"457\" src=\"https:\/\/freevpnplanet.com\/wp-content\/uploads\/2024\/05\/rvpn-music-party-20240530_104215_523471.svg\" class=\"attachment-full size-full\" alt=\"\" style=\"max-width:545px\" \/> -->\n                <\/figure>\n            <\/div>\n        \n            <\/div>\n<\/section>\n\n\n<section class=\"cta-section custom-block align-full \" style=''>\n\n    <div class=\"gutenberg-block-background\"><\/div>\n    <div class=\"cta-section__inner\">\n                    <div class=\"cta-section__cta\">\n                                    <a href=\"\/tr\/plans\/\" target=\"_self\" id=\"qa-banner-middle-cta\" class=\"cta download-by-platform cta--with-border cta-size--small cta-mt--initial icon-position--icon-left\" style=\"--border-radius:40px\"><span class=\"cta__name\">\u00dccretsiz indirin<\/span><\/a>                            <\/div>\n            <\/div>\n<\/section>\n\n\n<div class=\"wp-block-group alignfull has-background-blue-background-color has-background is-content-justification-center is-nowrap is-layout-flex wp-container-core-group-is-layout-1 wp-block-group-is-layout-flex\">\n<div class=\"wp-block-columns wp-container-content-1 is-layout-flex wp-container-core-columns-is-layout-1 wp-block-columns-is-layout-flex row-gap--20 stack-breakpoint--768\">\n<div class=\"wp-block-column is-layout-flow wp-block-column-is-layout-flow\">\n<section class=\"advanced-steps custom-block align-none  align-desktop-left align-mobile-left font-normal three-columns title-small image-shadow\" style='--background-color:var(--dark-blue-8); --text-color:var(--dark-blue-1)'>\n\n    <div class=\"gutenberg-block-background\"><\/div>\n    <div class=\"advanced-steps__container inner-container\">\n                    <div class=\"advanced-steps__intro\">\n                <h2>ENGELLEMERE TAKILMADAN \u00c7EVR\u0130M\u0130\u00c7\u0130 M\u00dcZ\u0130K VE RADYO NASIL D\u0130NLEN\u0130R, MP3 NASIL \u0130ND\u0130R\u0130L\u0130R?<\/h2>\n<p><span data-sheets-root=\"1\">MP3 radyoyu indirmek i\u00e7in bir \u00e7evrimi\u00e7i radyo istasyonunun, m\u00fczik servisinin veya bir web sitesinin engellenmesini kald\u0131rmak sadece 3 ad\u0131m s\u00fcrer!<\/span><\/p>            <\/div>\n        \n        <ul class=\"advanced-steps__list advanced-steps__list--download-steps\" style='--columns-gap:50px'>\n                            <li style='--max-width:px'>\n                                            <h2 class=\"step-title\">1. \u0130ndir<\/h2>\n                    \n                                            <div class=\"image-wrapper\">\n                            <img decoding=\"async\" width=\"220\" height=\"171\" src=\"https:\/\/freevpnplanet.com\/wp-content\/uploads\/2024\/05\/rvpn-steps-2-20240530_105342_800846.svg\" class=\"attachment-full size-full\" alt=\"Step 2\" \/>                        <\/div>\n\n                                                    <p><a href=\"https:\/\/freevpnplanet.com\/tr\/download\/\" target=\"_blank\" rel=\"noopener\" id=\"qa-advanced-step-content-link\"><span data-sheets-root=\"1\">VPN <\/span><\/a><span data-sheets-root=\"1\">uygulamas\u0131n\u0131 cihaz\u0131n\u0131za indirin ve kurun.<\/span><\/p>                                                            <\/li>\n                                <li style='--max-width:px'>\n                                            <h2 class=\"step-title\">2. Ba\u011flan\u0131yor<\/h2>\n                    \n                                            <div class=\"image-wrapper\">\n                            <img decoding=\"async\" width=\"219\" height=\"170\" src=\"https:\/\/freevpnplanet.com\/wp-content\/uploads\/2024\/05\/rvpn-steps-1-20240530_105340_042416.svg\" class=\"attachment-full size-full\" alt=\"Step 1\" \/>                        <\/div>\n\n                                                    <p><span data-sheets-root=\"1\">Sunucular\u0131m\u0131zdan birine ba\u011flan\u0131n.<\/span><\/p>                                                            <\/li>\n                                <li style='--max-width:px'>\n                                            <h2 class=\"step-title\">3. Ziyaret etmek<\/h2>\n                    \n                                            <div class=\"image-wrapper\">\n                            <img decoding=\"async\" width=\"219\" height=\"170\" src=\"https:\/\/freevpnplanet.com\/wp-content\/uploads\/2024\/05\/rvpn-steps-3-20240530_105345_576093.svg\" class=\"attachment-full size-full\" alt=\"Step 3\" \/>                        <\/div>\n\n                                                    <p>T\u00fcm websitelerini k\u0131s\u0131tlama olmadan ziyaret edin.<\/p>                                                            <\/li>\n                        <\/ul>\n\n                    <div class=\"advanced-steps__cta\">\n                <a href=\"\/tr\/plans\/\" target=\"_self\" id=\"qa-btn-advanced-steps-cta\" class=\"cta download-by-platform cta--with-border cta-size--small cta-mt--initial icon-position--icon-left\" style=\"--border-radius:40px\"><span class=\"cta__name\">\u00dccretsiz indirin<\/span><\/a>            <\/div>\n        \n        \n        \n\n    <\/div>\n<\/section>\n<\/div>\n<\/div>\n<\/div>\n\n\n\n<section class=\"image-text-static-image custom-block align-none  mobile-image-bottom   header-size-small text-size-small  pb-0--desktop\" style=''>\n\n    <div class=\"gutenberg-block-background\"><\/div>\n    <div class=\"image-text-static-image__inner inner-container\">\n                    <div class=\"image-text-static-image__content content-left\" style='--content-width: 50%'>\n                                    <div class=\"image-text-static-image__title\">\n                        <h2 >Site engellenmi\u015fse MP3 m\u00fczik indirebilir miyim?<\/h2>                    <\/div>\n                \n                <p>Evet, internet k\u0131s\u0131tlamalar\u0131n\u0131n yayg\u0131nla\u015ft\u0131\u011f\u0131 bu d\u00f6nemde bile herkes istedi\u011fi \u015fark\u0131y\u0131 dinleyebilir ve indirebilir. Bunu VPN hizmetimizi kullanarak yapabilirsiniz. VPN \u00e7oklu cihazlar aras\u0131nda g\u00fcvenli bir veri kanal\u0131d\u0131r. VPN\u2019ler internet trafi\u011fini davetsiz misafirlerden ve sans\u00fcrden korumak i\u00e7in kullan\u0131l\u0131r. Planet VPN ile \u00e7evrimi\u00e7i m\u00fczik dinleyebilir, her cihaza k\u0131s\u0131tlanm\u0131\u015f kaynaklardan MP3 indirebilirsiniz.<\/p>\n<p>Size m\u00fcmk\u00fcn olan en y\u00fcksek h\u0131z\u0131 ve s\u0131n\u0131rs\u0131z bant geni\u015fli\u011fi sa\u011flamak i\u00e7in a\u011f\u0131m\u0131z\u0131 s\u00fcrekli olarak geli\u015ftiriyoruz.<\/p>\n                \n                \n\n            <\/div>\n        \n                    <div class=\"bg-image-wrapper bg-image-wrapper--desktop  right image-align--center\" style='--image-max-width: 50%'>\n                <figure>\n                    <img width=\"479\" height=\"479\" src=\"https:\/\/freevpnplanet.com\/wp-content\/uploads\/2024\/05\/rvpn-blocked.9e861a11-20240529_094058_811851.svg\" class=\"attachment-full size-full\" alt=\"\" loading=\"lazy\" decoding=\"sync\" fetchpriority=\"low\" style=\"max-width:480px\" sizes=\"auto, (max-width: 480px) 100vw, 480px\" aria-hidden=\"true\" \/>                    <!-- <img decoding=\"async\" width=\"479\" height=\"479\" src=\"https:\/\/freevpnplanet.com\/wp-content\/uploads\/2024\/05\/rvpn-blocked.9e861a11-20240529_094058_811851.svg\" class=\"attachment-full size-full\" alt=\"\" style=\"max-width:480px\" \/> -->\n                <\/figure>\n            <\/div>\n        \n            <\/div>\n<\/section>\n\n\n<section class=\"image-text-static-image custom-block align-none  mobile-image-bottom   header-size-small text-size-small  \" style=''>\n\n    <div class=\"gutenberg-block-background\"><\/div>\n    <div class=\"image-text-static-image__inner inner-container\">\n                    <div class=\"image-text-static-image__content content-right\" style='--content-width: 50%'>\n                                    <div class=\"image-text-static-image__title\">\n                        <h2 >PLANET VPN YASAKLARIN \u00dcSTESI\u0307NDEN GELI\u0307YOR!<\/h2>                    <\/div>\n                \n                <p>Herhangi bir cihazda gecikme olmadan \u00e7evrimi\u00e7i m\u00fczik dinlemek ve\/veya \u015fark\u0131lar\u0131 MP3 format\u0131nda indirmek istiyorsan\u0131z, Planet VPN tam size g\u00f6re!<\/p>\n<p>Planet VPN ayn\u0131 anda birka\u00e7 i\u015flevi yerine getirir: a\u011f\u0131 \u015fifreler, iletilen ve al\u0131nan verileri ve internet trafi\u011fini k\u00f6t\u00fc niyetli ki\u015filerden korur, anonimli\u011fi s\u00fcrd\u00fcr\u00fcr ve k\u0131s\u0131tlamalar\u0131 a\u015farak t\u00fcm \u00e7evrimi\u00e7i kaynaklara eri\u015fim sa\u011flar.<\/p>\n                                    <div class=\"image-text-static-image__cta\">\n                                                    <a href=\"\/tr\/plans\/\" target=\"_self\" id=\"qa-btn-bottom-cta\" class=\"cta download-by-platform cta--with-border cta-size--small cta-mt--initial icon-position--icon-left\" style=\"--border-radius:40px\"><span class=\"cta__name\">\u00dccretsiz indirin<\/span><\/a>                                            <\/div>\n                \n                \n\n            <\/div>\n        \n                    <div class=\"bg-image-wrapper bg-image-wrapper--desktop  left image-align--center\" style='--image-max-width: 50%'>\n                <figure>\n                    <img width=\"585\" height=\"401\" src=\"https:\/\/freevpnplanet.com\/wp-content\/uploads\/2024\/05\/rvpn-music-dance-20240530_104209_519514.svg\" class=\"attachment-full size-full\" alt=\"\" loading=\"lazy\" decoding=\"sync\" fetchpriority=\"low\" style=\"max-width:585px\" sizes=\"auto, (max-width: 585px) 100vw, 585px\" aria-hidden=\"true\" \/>                    <!-- <img decoding=\"async\" width=\"585\" height=\"401\" src=\"https:\/\/freevpnplanet.com\/wp-content\/uploads\/2024\/05\/rvpn-music-dance-20240530_104209_519514.svg\" class=\"attachment-full size-full\" alt=\"\" style=\"max-width:585px\" \/> -->\n                <\/figure>\n            <\/div>\n        \n            <\/div>\n<\/section>","protected":false},"excerpt":{"rendered":"","protected":false},"author":13,"featured_media":0,"parent":0,"menu_order":0,"comment_status":"closed","ping_status":"closed","template":"templates\/page_template-basic_for_gutenberg.php","meta":{"_acf_changed":false,"inline_featured_image":false,"footnotes":""},"download_by_lite_tag":[],"class_list":["post-99986","page","type-page","status-publish","hentry"],"yoast_head":"<!-- This site is optimized with the Yoast SEO plugin v22.6 - https:\/\/yoast.com\/wordpress\/plugins\/seo\/ -->\n<title>M\u00fczik indirmek ve dinlemek i\u00e7in \u00dccretsiz VPN - Sevdi\u011finiz m\u00fczikleri \u00f6zg\u00fcrce dinleyin<\/title>\n<meta name=\"description\" content=\"Planet VPN, eri\u015fim k\u0131s\u0131tlamalar\u0131na tabi m\u00fczik i\u00e7erikleriyle ilgili sorunlar\u0131 \u00e7\u00f6zmenize yard\u0131mc\u0131 olur. VPN kullanarak \u00fclkenizde eri\u015fime a\u00e7\u0131k olmayan hizmetlerden bile m\u00fczik izleyebilirsiniz.\" \/>\n<meta name=\"robots\" content=\"index, follow, max-snippet:-1, max-image-preview:large, max-video-preview:-1\" \/>\n<link rel=\"canonical\" href=\"https:\/\/freevpnplanet.com\/tr\/listen-to-music-radio-online-download-mp3\/\" \/>\n<meta property=\"og:locale\" content=\"tr_TR\" \/>\n<meta property=\"og:type\" content=\"article\" \/>\n<meta property=\"og:title\" content=\"M\u00fczik indirmek ve dinlemek i\u00e7in \u00dccretsiz VPN - Sevdi\u011finiz m\u00fczikleri \u00f6zg\u00fcrce dinleyin\" \/>\n<meta property=\"og:description\" content=\"Planet VPN, eri\u015fim k\u0131s\u0131tlamalar\u0131na tabi m\u00fczik i\u00e7erikleriyle ilgili sorunlar\u0131 \u00e7\u00f6zmenize yard\u0131mc\u0131 olur. VPN kullanarak \u00fclkenizde eri\u015fime a\u00e7\u0131k olmayan hizmetlerden bile m\u00fczik izleyebilirsiniz.\" \/>\n<meta property=\"og:url\" content=\"https:\/\/freevpnplanet.com\/tr\/listen-to-music-radio-online-download-mp3\/\" \/>\n<meta property=\"og:site_name\" content=\"Planet VPN\" \/>\n<meta property=\"article:modified_time\" content=\"2025-07-22T08:13:49+00:00\" \/>\n<meta name=\"twitter:card\" content=\"summary_large_image\" \/>\n<script type=\"application\/ld+json\" class=\"yoast-schema-graph\">{\"@context\":\"https:\/\/schema.org\",\"@graph\":[{\"@type\":\"WebPage\",\"@id\":\"https:\/\/freevpnplanet.com\/tr\/listen-to-music-radio-online-download-mp3\/\",\"url\":\"https:\/\/freevpnplanet.com\/tr\/listen-to-music-radio-online-download-mp3\/\",\"name\":\"M\u00fczik indirmek ve dinlemek i\u00e7in \u00dccretsiz VPN - Sevdi\u011finiz m\u00fczikleri \u00f6zg\u00fcrce dinleyin\",\"isPartOf\":{\"@id\":\"https:\/\/freevpnplanet.com\/tr\/#website\"},\"datePublished\":\"2024-05-30T07:37:13+00:00\",\"dateModified\":\"2025-07-22T08:13:49+00:00\",\"description\":\"Planet VPN, eri\u015fim k\u0131s\u0131tlamalar\u0131na tabi m\u00fczik i\u00e7erikleriyle ilgili sorunlar\u0131 \u00e7\u00f6zmenize yard\u0131mc\u0131 olur. VPN kullanarak \u00fclkenizde eri\u015fime a\u00e7\u0131k olmayan hizmetlerden bile m\u00fczik izleyebilirsiniz.\",\"breadcrumb\":{\"@id\":\"https:\/\/freevpnplanet.com\/tr\/listen-to-music-radio-online-download-mp3\/#breadcrumb\"},\"inLanguage\":\"tr\",\"potentialAction\":[{\"@type\":\"ReadAction\",\"target\":[\"https:\/\/freevpnplanet.com\/tr\/listen-to-music-radio-online-download-mp3\/\"]}]},{\"@type\":\"BreadcrumbList\",\"@id\":\"https:\/\/freevpnplanet.com\/tr\/listen-to-music-radio-online-download-mp3\/#breadcrumb\",\"itemListElement\":[{\"@type\":\"ListItem\",\"position\":1,\"name\":\"Home\",\"item\":\"https:\/\/freevpnplanet.com\/tr\/\"},{\"@type\":\"ListItem\",\"position\":2,\"name\":\"Listen to music radio online download mp3\"}]},{\"@type\":\"WebSite\",\"@id\":\"https:\/\/freevpnplanet.com\/tr\/#website\",\"url\":\"https:\/\/freevpnplanet.com\/tr\/\",\"name\":\"Planet VPN \ud83d\udee1\ufe0f\ud83c\udf10 Free VPN\",\"description\":\"Free VPN\",\"potentialAction\":[{\"@type\":\"SearchAction\",\"target\":{\"@type\":\"EntryPoint\",\"urlTemplate\":\"https:\/\/freevpnplanet.com\/tr\/?s={search_term_string}\"},\"query-input\":\"required name=search_term_string\"}],\"inLanguage\":\"tr\",\"publisher\":{\"@id\":\"https:\/\/freevpnplanet.com\/tr\/#organization\"}},{\"@context\":\"https:\/\/schema.org\/\",\"@type\":\"SoftwareApplication\",\"name\":\"Planet VPN \ud83d\udee1\ufe0f\ud83c\udf10 Free VPN\",\"operatingSystem\":\"Windows, macOS, iOS, Android, Linux, Chrome\",\"applicationCategory\":\"SecurityApplication\",\"offers\":{\"@type\":\"AggregateOffer\",\"priceCurrency\":\"USD\",\"price\":\"0\",\"lowPrice\":\"0\",\"availability\":\"https:\/\/schema.org\/InStock\"},\"aggregateRating\":{\"@type\":\"AggregateRating\",\"ratingValue\":\"4.8\",\"bestRating\":\"5\",\"ratingCount\":\"12476\"}},{\"@type\":\"Organization\",\"@id\":\"https:\/\/freevpnplanet.com\/tr\/#organization\",\"url\":\"https:\/\/freevpnplanet.com\/tr\/\",\"name\":\"Planet VPN \ud83d\udee1\ufe0f\ud83c\udf10 Free VPN\"}]}<\/script>\n<!-- \/ Yoast SEO plugin. -->","yoast_head_json":{"title":"M\u00fczik indirmek ve dinlemek i\u00e7in \u00dccretsiz VPN - Sevdi\u011finiz m\u00fczikleri \u00f6zg\u00fcrce dinleyin","description":"Planet VPN, eri\u015fim k\u0131s\u0131tlamalar\u0131na tabi m\u00fczik i\u00e7erikleriyle ilgili sorunlar\u0131 \u00e7\u00f6zmenize yard\u0131mc\u0131 olur. VPN kullanarak \u00fclkenizde eri\u015fime a\u00e7\u0131k olmayan hizmetlerden bile m\u00fczik izleyebilirsiniz.","robots":{"index":"index","follow":"follow","max-snippet":"max-snippet:-1","max-image-preview":"max-image-preview:large","max-video-preview":"max-video-preview:-1"},"canonical":"https:\/\/freevpnplanet.com\/tr\/listen-to-music-radio-online-download-mp3\/","og_locale":"tr_TR","og_type":"article","og_title":"M\u00fczik indirmek ve dinlemek i\u00e7in \u00dccretsiz VPN - Sevdi\u011finiz m\u00fczikleri \u00f6zg\u00fcrce dinleyin","og_description":"Planet VPN, eri\u015fim k\u0131s\u0131tlamalar\u0131na tabi m\u00fczik i\u00e7erikleriyle ilgili sorunlar\u0131 \u00e7\u00f6zmenize yard\u0131mc\u0131 olur. VPN kullanarak \u00fclkenizde eri\u015fime a\u00e7\u0131k olmayan hizmetlerden bile m\u00fczik izleyebilirsiniz.","og_url":"https:\/\/freevpnplanet.com\/tr\/listen-to-music-radio-online-download-mp3\/","og_site_name":"Planet VPN","article_modified_time":"2025-07-22T08:13:49+00:00","twitter_card":"summary_large_image","schema":{"@context":"https:\/\/schema.org","@graph":[{"@type":"WebPage","@id":"https:\/\/freevpnplanet.com\/tr\/listen-to-music-radio-online-download-mp3\/","url":"https:\/\/freevpnplanet.com\/tr\/listen-to-music-radio-online-download-mp3\/","name":"M\u00fczik indirmek ve dinlemek i\u00e7in \u00dccretsiz VPN - Sevdi\u011finiz m\u00fczikleri \u00f6zg\u00fcrce dinleyin","isPartOf":{"@id":"https:\/\/freevpnplanet.com\/tr\/#website"},"datePublished":"2024-05-30T07:37:13+00:00","dateModified":"2025-07-22T08:13:49+00:00","description":"Planet VPN, eri\u015fim k\u0131s\u0131tlamalar\u0131na tabi m\u00fczik i\u00e7erikleriyle ilgili sorunlar\u0131 \u00e7\u00f6zmenize yard\u0131mc\u0131 olur. VPN kullanarak \u00fclkenizde eri\u015fime a\u00e7\u0131k olmayan hizmetlerden bile m\u00fczik izleyebilirsiniz.","breadcrumb":{"@id":"https:\/\/freevpnplanet.com\/tr\/listen-to-music-radio-online-download-mp3\/#breadcrumb"},"inLanguage":"tr","potentialAction":[{"@type":"ReadAction","target":["https:\/\/freevpnplanet.com\/tr\/listen-to-music-radio-online-download-mp3\/"]}]},{"@type":"BreadcrumbList","@id":"https:\/\/freevpnplanet.com\/tr\/listen-to-music-radio-online-download-mp3\/#breadcrumb","itemListElement":[{"@type":"ListItem","position":1,"name":"Home","item":"https:\/\/freevpnplanet.com\/tr\/"},{"@type":"ListItem","position":2,"name":"Listen to music radio online download mp3"}]},{"@type":"WebSite","@id":"https:\/\/freevpnplanet.com\/tr\/#website","url":"https:\/\/freevpnplanet.com\/tr\/","name":"Planet VPN \ud83d\udee1\ufe0f\ud83c\udf10 Free VPN","description":"Free VPN","potentialAction":[{"@type":"SearchAction","target":{"@type":"EntryPoint","urlTemplate":"https:\/\/freevpnplanet.com\/tr\/?s={search_term_string}"},"query-input":"required name=search_term_string"}],"inLanguage":"tr","publisher":{"@id":"https:\/\/freevpnplanet.com\/tr\/#organization"}},{"@context":"https:\/\/schema.org\/","@type":"SoftwareApplication","name":"Planet VPN \ud83d\udee1\ufe0f\ud83c\udf10 Free VPN","operatingSystem":"Windows, macOS, iOS, Android, Linux, Chrome","applicationCategory":"SecurityApplication","offers":{"@type":"AggregateOffer","priceCurrency":"USD","price":"0","lowPrice":"0","availability":"https:\/\/schema.org\/InStock"},"aggregateRating":{"@type":"AggregateRating","ratingValue":"4.8","bestRating":"5","ratingCount":"12476"}},{"@type":"Organization","@id":"https:\/\/freevpnplanet.com\/tr\/#organization","url":"https:\/\/freevpnplanet.com\/tr\/","name":"Planet VPN \ud83d\udee1\ufe0f\ud83c\udf10 Free VPN"}]}},"acf":[],"_links":{"self":[{"href":"https:\/\/freevpnplanet.com\/tr\/wp-json\/wp\/v2\/pages\/99986","targetHints":{"allow":["GET"]}}],"collection":[{"href":"https:\/\/freevpnplanet.com\/tr\/wp-json\/wp\/v2\/pages"}],"about":[{"href":"https:\/\/freevpnplanet.com\/tr\/wp-json\/wp\/v2\/types\/page"}],"author":[{"embeddable":true,"href":"https:\/\/freevpnplanet.com\/tr\/wp-json\/wp\/v2\/users\/13"}],"replies":[{"embeddable":true,"href":"https:\/\/freevpnplanet.com\/tr\/wp-json\/wp\/v2\/comments?post=99986"}],"version-history":[{"count":4,"href":"https:\/\/freevpnplanet.com\/tr\/wp-json\/wp\/v2\/pages\/99986\/revisions"}],"predecessor-version":[{"id":171588,"href":"https:\/\/freevpnplanet.com\/tr\/wp-json\/wp\/v2\/pages\/99986\/revisions\/171588"}],"wp:attachment":[{"href":"https:\/\/freevpnplanet.com\/tr\/wp-json\/wp\/v2\/media?parent=99986"}],"wp:term":[{"taxonomy":"download_by_lite_tag","embeddable":true,"href":"https:\/\/freevpnplanet.com\/tr\/wp-json\/wp\/v2\/download_by_lite_tag?post=99986"}],"curies":[{"name":"wp","href":"https:\/\/api.w.org\/{rel}","templated":true}]}}